{"id":1348,"date":"2025-03-30T21:00:40","date_gmt":"2025-03-30T14:00:40","guid":{"rendered":"https:\/\/thegoldenbee.vn\/?post_type=product&#038;p=1348"},"modified":"2025-11-24T15:46:09","modified_gmt":"2025-11-24T08:46:09","slug":"mat-ong-hoa-don-kim-500g","status":"publish","type":"product","link":"https:\/\/thegoldenbee.vn\/en\/product\/mat-ong-hoa-don-kim-500g\/","title":{"rendered":"The Golden Bee M\u1eadt ong Hoa \u0110\u01a1n Kim 500g"},"content":{"rendered":"<p class=\"QN2lPu\">\ud83d\udcdd Chi ti\u1ebft s\u1ea3n ph\u1ea9m:<\/p>\n<p class=\"QN2lPu\">\ud83c\udf6f **M\u1eadt Ong Hoa \u0110\u01a1n Kim &#8211; The Golden Bee** \ud83c\udf6f<\/p>\n<p class=\"QN2lPu\">**D\u00f2ng m\u1eadt cao c\u1ea5p &#8211; V\u1ecb ng\u1ecdt thanh**<\/p>\n<p class=\"QN2lPu\">\u2728 **Nguy\u00ean ch\u1ea5t t\u1eeb hoa \u0111\u01a1n kim (hoa xuy\u1ebfn chi)** \u2013 \u0110\u01b0\u1ee3c khai th\u00e1c t\u1eeb nh\u1eefng b\u00f4ng hoa xuy\u1ebfn chi m\u1ecdc t\u1ef1 nhi\u00ean \u1edf v\u00f9ng n\u00fai v\u00e0 trung du ph\u00eda B\u1eafc Vi\u1ec7t Nam. Kh\u00f4ng pha tr\u1ed9n, gi\u1eef tr\u1ecdn d\u01b0\u1ee1ng ch\u1ea5t v\u00e0 h\u01b0\u01a1ng v\u1ecb thu\u1ea7n khi\u1ebft c\u1ee7a thi\u00ean nhi\u00ean.<\/p>\n<p class=\"QN2lPu\">\ud83c\udf3f **M\u00e0u v\u00e0ng \u00f3ng \u00e1nh, s\u00e1nh \u0111\u1eb7c t\u1ef1 nhi\u00ean** \u2013 M\u1ed7i gi\u1ecdt m\u1eadt \u00f3ng \u00e1nh, s\u00e1nh m\u1ecbn, ch\u1ee9a \u0111\u1ef1ng s\u1ef1 tinh t\u00fay t\u1eeb \u0111\u1ea5t tr\u1eddi, mang l\u1ea1i c\u1ea3m gi\u00e1c th\u01a1m ngon, d\u1ec5 ch\u1ecbu ngay t\u1eeb l\u1ea7n n\u1ebfm \u0111\u1ea7u ti\u00ean.<\/p>\n<p class=\"QN2lPu\">\ud83d\udc96 **H\u01b0\u01a1ng th\u01a1m d\u1ecbu nh\u1eb9, ng\u1ecdt thanh \u0111\u1eb7c tr\u01b0ng** \u2013 D\u00f2ng m\u1eadt \u0111\u01b0\u1ee3c nhi\u1ec1u ng\u01b0\u1eddi \u01b0a chu\u1ed9ng nh\u1edd s\u1ef1 thanh khi\u1ebft, d\u1ec5 d\u00f9ng, th\u00edch h\u1ee3p cho m\u1ecdi \u0111\u1ed1i t\u01b0\u1ee3ng.<\/p>\n<p class=\"QN2lPu\">\ud83c\udf1f **L\u1ee3i \u00edch **<\/p>\n<p class=\"QN2lPu\">* H\u01b0\u01a1ng v\u1ecb th\u01a1m ngon, m\u00e0u s\u1eafc b\u1eaft m\u1eaft:** L\u00fd t\u01b0\u1edfng cho pha ch\u1ebf \u0111\u1ed3 u\u1ed1ng, l\u00e0m b\u00e1nh, n\u1ea5u \u0103n cao c\u1ea5p.<\/p>\n<p class=\"QN2lPu\">* S\u1ea3n ph\u1ea9m cao c\u1ea5p xu\u1ea5t x\u1ee9 t\u1eeb Vi\u1ec7t Nam:** T\u1ef1 h\u00e0o mang h\u01b0\u01a1ng v\u1ecb thu\u1ea7n khi\u1ebft b\u1ea3n \u0111\u1ecba \u0111\u1ebfn m\u1ecdi nh\u00e0.<\/p>\n<p class=\"QN2lPu\">\ud83c\udf3c Th\u00e0nh ph\u1ea7n:<\/p>\n<p class=\"QN2lPu\">* M\u1eacT ONG CH\u00cdN T\u1ed4 V\u00cdT N\u1eaeP, M\u1eacT ONG NGUY\u00caN CH\u1ea4T.<\/p>\n<p class=\"QN2lPu\">\u2013 Kh\u00f4ng pha \u0111\u01b0\u1eddng, kh\u00f4ng ch\u1ea5t b\u1ea3o qu\u1ea3n, kh\u00f4ng h\u01b0\u01a1ng li\u1ec7u nh\u00e2n t\u1ea1o.<\/p>\n<p class=\"QN2lPu\">\ud83e\udd44 H\u01b0\u1edbng d\u1eabn s\u1eed d\u1ee5ng:<\/p>\n<p class=\"QN2lPu\">&#8211; D\u00f9ng tr\u1ef1c ti\u1ebfp,k\u1ebft h\u1ee3p v\u1edbi cam, chanh ho\u1eb7c pha v\u1edbi n\u01b0\u1edbc \u1ea5m.<\/p>\n<p class=\"QN2lPu\">&#8211; Ch\u1ebf bi\u1ebfn th\u1ef1c ph\u1ea9m: Pha tr\u00e0 m\u1eadt ong, l\u00e0m b\u00e1nh, n\u1ea5u \u0103n.<\/p>\n<p class=\"QN2lPu\">\ud83d\udee1\ufe0f H\u01b0\u1edbng d\u1eabn b\u1ea3o qu\u1ea3n:<\/p>\n<p class=\"QN2lPu\">* \u0110\u1ec3 n\u01a1i kh\u00f4 r\u00e1o, tho\u00e1ng m\u00e1t, tr\u00e1nh \u00e1nh n\u1eafng tr\u1ef1c ti\u1ebfp.<\/p>\n<p class=\"QN2lPu\">* \u0110\u1eady k\u00edn sau khi d\u00f9ng.<\/p>\n<p class=\"QN2lPu\">* L\u01b0u \u00fd: M\u1eadt ong c\u00f3 th\u1ec3 k\u1ebft tinh t\u1ef1 nhi\u00ean \u1edf nhi\u1ec7t \u0111\u1ed9 l\u1ea1nh, ch\u1ec9 c\u1ea7n ng\u00e2m v\u00e0o n\u01b0\u1edbc \u1ea5m 70\u00b0C \u0111\u1ec3 m\u1eadt ong tan ch\u1ea3y nh\u01b0 ban \u0111\u1ea7u.<\/p>\n<p class=\"QN2lPu\">\u2705 Cam k\u1ebft t\u1eeb The Golden Bee:<\/p>\n<p class=\"QN2lPu\">* \u0110\u1ea1t chu\u1ea9n **ISO 22000-2018**, **Ch\u1ee9ng nh\u1eadn An To\u00e0n V\u1ec7 Sinh Th\u1ef1c ph\u1ea9m (ATVSTP)**.<\/p>\n<p class=\"QN2lPu\">* Kh\u00f4ng pha tr\u1ed9n, kh\u00f4ng ch\u1ea5t b\u1ea3o qu\u1ea3n, kh\u00f4ng h\u01b0\u01a1ng li\u1ec7u nh\u00e2n t\u1ea1o.<\/p>\n<p class=\"QN2lPu\">* Ho\u00e0n ti\u1ec1n g\u1ea5p \u0111\u00f4i** n\u1ebfu ph\u00e1t hi\u1ec7n h\u00e0ng gi\u1ea3 ho\u1eb7c k\u00e9m ch\u1ea5t l\u01b0\u1ee3ng.<\/p>\n<p class=\"QN2lPu\">\u2757 S\u1ea3n ph\u1ea9m \u0111\u1ebfn tay qu\u00fd kh\u00e1ch lu\u00f4n \u0111\u01b0\u1ee3c \u0111\u00f3ng g\u00f3i &#8211; ni\u00eam phong c\u1ea9n th\u1eadn, c\u00f3 seal ch\u1ed1ng h\u00e0ng gi\u1ea3 c\u1ee7a th\u01b0\u01a1ng hi\u1ec7u The Golden Bee.<\/p>\n<p class=\"QN2lPu\">\u2757 Ch\u1ebf \u0111\u1ed9 \u0111\u1ed5i tr\u1ea3: 1 \u0110\u1ed4I 1 v\u1edbi c\u00e1c s\u1ea3n ph\u1ea9m ph\u00e1t sinh v\u1ea5n \u0111\u1ec1 khi v\u1eadn chuy\u1ec3n (trong v\u00f2ng 7 ng\u00e0y k\u1ec3 t\u1eeb ng\u00e0y nh\u1eadn s\u1ea3n ph\u1ea9m).<\/p>\n<p class=\"QN2lPu\">\u2757 Vui l\u00f2ng quay clip k\u00e8m h\u00ecnh \u1ea3nh \u0111\u01a1n h\u00e0ng \u0111\u1ec3 vi\u1ec7c h\u1ed5 tr\u1ee3 gi\u1ea3i quy\u1ebft khi\u1ebfu n\u1ea1i c\u1ee7a qu\u00fd kh\u00e1ch \u0111\u01b0\u1ee3c t\u1ed1i \u01b0u.<\/p>\n<p class=\"QN2lPu\">#Matonghoarung #MatongTayNguyen #TheGoldenBee #Matongnguyenchat #Matongtunhien #DacSanTayNguyen #Honey #NaturalHoney<\/p>\n<p class=\"QN2lPu\">#Matong #Matongdonkim #Matongkhoai #Matongrunggialai #Matongcafe #Matongrung #Matonghoanhan #Matongrungtram #banhtomatong<\/p>\n<p class=\"QN2lPu\">#Thegoldenbee #Ongvang<\/p>","protected":false},"excerpt":{"rendered":"<p>Nguy\u00ean ch\u1ea5t t\u1eeb hoa \u0111\u01a1n kim (hoa xuy\u1ebfn chi) \u2013 \u0110\u01b0\u1ee3c khai th\u00e1c t\u1eeb nh\u1eefng b\u00f4ng hoa xuy\u1ebfn chi m\u1ecdc t\u1ef1 nhi\u00ean \u1edf v\u00f9ng n\u00fai v\u00e0 trung du ph\u00eda B\u1eafc Vi\u1ec7t Nam. Kh\u00f4ng pha tr\u1ed9n, gi\u1eef tr\u1ecdn d\u01b0\u1ee1ng ch\u1ea5t v\u00e0 h\u01b0\u01a1ng v\u1ecb thu\u1ea7n khi\u1ebft c\u1ee7a thi\u00ean nhi\u00ean.<\/p>","protected":false},"featured_media":1987,"comment_status":"open","ping_status":"closed","template":"","meta":[],"product_cat":[15],"product_tag":[],"class_list":{"0":"post-1348","1":"product","2":"type-product","3":"status-publish","4":"has-post-thumbnail","6":"product_cat-mat-ong-nguyen-chat","8":"first","9":"instock","10":"shipping-taxable","11":"purchasable","12":"product-type-simple"},"_links":{"self":[{"href":"https:\/\/thegoldenbee.vn\/en\/wp-json\/wp\/v2\/product\/1348","targetHints":{"allow":["GET"]}}],"collection":[{"href":"https:\/\/thegoldenbee.vn\/en\/wp-json\/wp\/v2\/product"}],"about":[{"href":"https:\/\/thegoldenbee.vn\/en\/wp-json\/wp\/v2\/types\/product"}],"replies":[{"embeddable":true,"href":"https:\/\/thegoldenbee.vn\/en\/wp-json\/wp\/v2\/comments?post=1348"}],"wp:featuredmedia":[{"embeddable":true,"href":"https:\/\/thegoldenbee.vn\/en\/wp-json\/wp\/v2\/media\/1987"}],"wp:attachment":[{"href":"https:\/\/thegoldenbee.vn\/en\/wp-json\/wp\/v2\/media?parent=1348"}],"wp:term":[{"taxonomy":"product_cat","embeddable":true,"href":"https:\/\/thegoldenbee.vn\/en\/wp-json\/wp\/v2\/product_cat?post=1348"},{"taxonomy":"product_tag","embeddable":true,"href":"https:\/\/thegoldenbee.vn\/en\/wp-json\/wp\/v2\/product_tag?post=1348"}],"curies":[{"name":"wp","href":"https:\/\/api.w.org\/{rel}","templated":true}]}}