{"id":1367,"date":"2025-03-30T21:17:56","date_gmt":"2025-03-30T14:17:56","guid":{"rendered":"https:\/\/thegoldenbee.vn\/?post_type=product&#038;p=1367"},"modified":"2025-12-17T12:52:02","modified_gmt":"2025-12-17T05:52:02","slug":"mat-ong-nano-curcumin-500g","status":"publish","type":"product","link":"https:\/\/thegoldenbee.vn\/en\/product\/mat-ong-nano-curcumin-500g\/","title":{"rendered":"The Golden Bee M\u1eadt ong Nano Curcumin 500g"},"content":{"rendered":"<p class=\"QN2lPu\">* M\u1eadt Ong Nano Curcumin &#8211; The Golden Bee *<\/p>\n<p class=\"QN2lPu\">-T\u1eeb xa x\u01b0a ta \u0111\u00e3 xem tinh b\u1ed9t ngh\u1ec7 l\u00e0 nguy\u00ean li\u1ec7u h\u1ed7 tr\u1ee3 h\u1ec7 ti\u00eau h\u00f3a th\u00e0nh ph\u1ea7n ch\u00ednh trong tinh b\u1ed9t ngh\u1ec7 l\u00e0 ho\u1ea1t ch\u1ea5t curcumin.<\/p>\n<p class=\"QN2lPu\">-Tuy nhi\u00ean, theo c\u00e1c nghi\u00ean c\u1ee9u g\u1ea7n \u0111\u00e2y, tinh b\u1ed9t ngh\u1ec7 truy\u1ec1n th\u1ed1ng c\u00f3 nh\u01b0\u1ee3c \u0111i\u1ec3m kh\u00f3 h\u1ea5p th\u1ee5 v\u00e0o c\u01a1 th\u1ec3. Nguy\u00ean nh\u00e2n l\u00e0 do:<\/p>\n<p class=\"QN2lPu\">\u2022 Ch\u01b0a lo\u1ea1i b\u1ecf ho\u00e0n to\u00e0n d\u1ea7u ngh\u1ec7 v\u00e0 x\u00e1c ngh\u1ec7.<\/p>\n<p class=\"QN2lPu\">\u2022 H\u00e0m l\u01b0\u1ee3ng Curcumin trong tinh b\u1ed9t ngh\u1ec7 c\u00f2n th\u1ea5p.<\/p>\n<p class=\"QN2lPu\">\u2022 C\u00f3 m\u00f9i h\u0103ng, g\u00e2y kh\u00f3 ch\u1ecbu khi s\u1eed d\u1ee5ng l\u00e2u d\u00e0i.<\/p>\n<p class=\"QN2lPu\">\u2e3b<\/p>\n<p class=\"QN2lPu\">-Do \u0111\u00f3 The Golden Bee \u0111\u00e3 nghi\u00ean c\u1ee9u v\u00e0 cho ra th\u1ecb tr\u01b0\u1eddng v\u1edbi s\u1ea3n ph\u1ea9m n\u1ed5i tr\u1ed9i M\u1eadt ong Nano Curcumin th\u1ebf h\u1ec7 m\u1edbi \u2013 Gi\u1ea3i ph\u00e1p c\u1ea3i ti\u1ebfn v\u01b0\u1ee3t b\u1eadc.<\/p>\n<p class=\"QN2lPu\">-V\u1edbi s\u1ef1 ph\u00e1t tri\u1ec3n c\u1ee7a khoa h\u1ecdc, Curcumin ng\u00e0y nay \u0111\u01b0\u1ee3c \u1ee9ng d\u1ee5ng \u1edf d\u1ea1ng Nano si\u00eau nh\u1ecf, gi\u00fap t\u0103ng kh\u1ea3 n\u0103ng h\u1ea5p thu v\u00e0o c\u01a1 th\u1ec3 g\u1ea5p nhi\u1ec1u l\u1ea7n so v\u1edbi d\u1ea1ng th\u00f4ng th\u01b0\u1eddng.<\/p>\n<p class=\"QN2lPu\">-Khi k\u1ebft h\u1ee3p gi\u1eefa tinh ngh\u1ec7 Nano Curcumin c\u00f9ng m\u1eadt ong nguy\u00ean ch\u1ea5t, s\u1ea3n ph\u1ea9m kh\u00f4ng ch\u1ec9 d\u1ec5 u\u1ed1ng, th\u01a1m ngon t\u1ef1 nhi\u00ean m\u00e0 c\u00f2n mang l\u1ea1i nhi\u1ec1u gi\u00e1 tr\u1ecb v\u01b0\u1ee3t tr\u1ed9i.<\/p>\n<p class=\"QN2lPu\">&#8211; \u0110\u1ed9 h\u00f2a tan v\u01b0\u1ee3t tr\u1ed9i \u2013 Nano Curcumin trong m\u1eadt ong The Golden Bee d\u1ec5 d\u00e0ng h\u00f2a tan trong n\u01b0\u1edbc \u1ea5m, thu\u1eadn ti\u1ec7n s\u1eed d\u1ee5ng h\u00e0ng ng\u00e0y.<\/p>\n<p class=\"QN2lPu\">\ud83c\udf3c Th\u00e0nh ph\u1ea7n nguy\u00ean ch\u1ea5t:<\/p>\n<p class=\"QN2lPu\">* 95% M\u1eadt ong nguy\u00ean ch\u1ea5t, 5% Nano Curcumin.<\/p>\n<p class=\"QN2lPu\">\ud83e\udd44 H\u01b0\u1edbng d\u1eabn s\u1eed d\u1ee5ng:<\/p>\n<p class=\"QN2lPu\">* Pha v\u1edbi n\u01b0\u1edbc \u1ea5m: L\u1ea5y 1\u20132 mu\u1ed7ng cafe, khu\u1ea5y \u0111\u1ec1u v\u1edbi 200ml n\u01b0\u1edbc \u1ea5m t\u1ea7m (~40\u00b0C), d\u00f9ng v\u00e0o bu\u1ed5i s\u00e1ng tr\u01b0\u1edbc khi \u0103n 30p v\u00e0 bu\u1ed5i t\u1ed1i tr\u01b0\u1edbc khi \u0111i ng\u1ee7 .<\/p>\n<p class=\"QN2lPu\">\ud83d\udee1\ufe0f H\u01b0\u1edbng d\u1eabn b\u1ea3o qu\u1ea3n:<\/p>\n<p class=\"QN2lPu\">* \u0110\u1ec3 n\u01a1i s\u1ea1ch s\u1ebd, kh\u00f4 r\u00e1o, tho\u00e1ng m\u00e1t, tr\u00e1nh \u00e1nh n\u1eafng tr\u1ef1c ti\u1ebfp.<\/p>\n<p class=\"QN2lPu\">* \u0110\u1eady k\u00edn n\u1eafp sau khi s\u1eed d\u1ee5ng.<\/p>\n<p class=\"QN2lPu\">\u2705 Cam k\u1ebft t\u1eeb The Golden Bee:**<\/p>\n<p class=\"QN2lPu\">* \u0110\u1ea1t chu\u1ea9n ISO 22000:2018, an to\u00e0n th\u1ef1c ph\u1ea9m.<\/p>\n<p class=\"QN2lPu\">-Kh\u00f4ng ch\u1ea5t b\u1ea3o qu\u1ea3n.<\/p>\n<p class=\"QN2lPu\">-kh\u00f4ng ch\u1ea5t ph\u1ee5 gia.<\/p>\n<p class=\"QN2lPu\">-kh\u00f4ng h\u00f3a ch\u1ea5t \u0111\u1ed9c h\u1ea1i.<\/p>\n<p class=\"QN2lPu\">#MatOngNanoCurcumin #TheGoldenBee #NanoCurcumin #CurcuminHoney #MatOngNguyenChat #OngVang #MadeInVietnam<\/p>\n<p class=\"QN2lPu\">#Matonghoarung #MatongTayNguyen #TheGoldenBee #Matongnguyenchat #Matongtunhien #DacSanTayNguyen #Honey #NaturalHoney<\/p>\n<p class=\"QN2lPu\">#Matong #Matongdonkim #Matongkhoai #Matongrunggialai #Matongcafe #Matongrung #Matonghoanhan #Matongrungtram #banhtomatong<\/p>\n<p class=\"QN2lPu\">#Thegoldenbee #Ongvang<\/p>","protected":false},"excerpt":{"rendered":"<p>Nano Curcumin th\u1ebf h\u1ec7 m\u1edbi \u2013 \u1ee8ng d\u1ee5ng c\u00f4ng ngh\u1ec7 nano ti\u00ean ti\u1ebfn, gi\u00fap Curcumin ph\u00e2n t\u1eed nh\u1ecf d\u1ec5 h\u1ea5p thu v\u00e0o c\u01a1 th\u1ec3, ph\u00e1t huy t\u1ed1i \u0111a c\u00f4ng d\u1ee5ng.<\/p>","protected":false},"featured_media":1984,"comment_status":"open","ping_status":"closed","template":"","meta":[],"product_cat":[15],"product_tag":[],"class_list":{"0":"post-1367","1":"product","2":"type-product","3":"status-publish","4":"has-post-thumbnail","6":"product_cat-mat-ong-nguyen-chat","8":"first","9":"instock","10":"shipping-taxable","11":"purchasable","12":"product-type-simple"},"_links":{"self":[{"href":"https:\/\/thegoldenbee.vn\/en\/wp-json\/wp\/v2\/product\/1367","targetHints":{"allow":["GET"]}}],"collection":[{"href":"https:\/\/thegoldenbee.vn\/en\/wp-json\/wp\/v2\/product"}],"about":[{"href":"https:\/\/thegoldenbee.vn\/en\/wp-json\/wp\/v2\/types\/product"}],"replies":[{"embeddable":true,"href":"https:\/\/thegoldenbee.vn\/en\/wp-json\/wp\/v2\/comments?post=1367"}],"wp:featuredmedia":[{"embeddable":true,"href":"https:\/\/thegoldenbee.vn\/en\/wp-json\/wp\/v2\/media\/1984"}],"wp:attachment":[{"href":"https:\/\/thegoldenbee.vn\/en\/wp-json\/wp\/v2\/media?parent=1367"}],"wp:term":[{"taxonomy":"product_cat","embeddable":true,"href":"https:\/\/thegoldenbee.vn\/en\/wp-json\/wp\/v2\/product_cat?post=1367"},{"taxonomy":"product_tag","embeddable":true,"href":"https:\/\/thegoldenbee.vn\/en\/wp-json\/wp\/v2\/product_tag?post=1367"}],"curies":[{"name":"wp","href":"https:\/\/api.w.org\/{rel}","templated":true}]}}