{"id":1371,"date":"2025-01-20T21:25:34","date_gmt":"2025-01-20T14:25:34","guid":{"rendered":"https:\/\/thegoldenbee.vn\/?post_type=product&#038;p=1371"},"modified":"2025-06-04T11:31:23","modified_gmt":"2025-06-04T04:31:23","slug":"ong-vang-mat-cao-nguyen-sua-ong-chua-730g","status":"publish","type":"product","link":"https:\/\/thegoldenbee.vn\/en\/product\/ong-vang-mat-cao-nguyen-sua-ong-chua-730g\/","title":{"rendered":"Ong V\u00e0ng M\u1eadt Cao Nguy\u00ean S\u1eefa Ong Ch\u00faa 730g"},"content":{"rendered":"<p>HO\u00c0N TI\u1ec0N 100% \u0110\u1ed0I V\u1edaI C\u00c1C TR\u01af\u1edcNG H\u1ee2P KH\u00d4NG H\u00c0I L\u00d2NG V\u1ec0 S\u1ea2N PH\u1ea8M THE GOLDEN BEE<br \/>\n(Qu\u00fd kh\u00e1ch vui l\u00f2ng li\u00ean h\u1ec7 b\u1ed9 ph\u1eadn CSKH \u0111\u1ec3 bi\u1ebft th\u00eam chi ti\u1ebft v\u00e0 \u0111\u01b0\u1ee3c t\u01b0 v\u1ea5n MI\u1ec4N PH\u00cd)<\/p>\n<p><strong>Chi ti\u1ebft s\u1ea3n ph\u1ea9m:<\/strong><\/p>\n<ul>\n<li>M\u1eadt Ong S\u1eefa Ong Ch\u00faa T\u01b0\u01a1i &#8211; Ong V\u00e0ng<\/li>\n<li>Tinh hoa t\u1eeb thi\u00ean nhi\u00ean \u2013 D\u01b0\u1ee1ng ch\u1ea5t v\u00e0ng cho s\u1ee9c kh\u1ecfe!<\/li>\n<li>M\u1eadt ong r\u1eebng M\u1ed9c Ch\u00e2u nguy\u00ean ch\u1ea5t \u2013 \u0110\u01b0\u1ee3c thu ho\u1ea1ch t\u1eeb nh\u1eefng c\u00e1nh r\u1eebng hoa t\u1ef1 nhi\u00ean t\u1ea1i M\u1ed9c Ch\u00e2u, n\u01a1i kh\u00ed h\u1eadu trong l\u00e0nh v\u00e0 th\u1ed5 nh\u01b0\u1ee1ng \u01b0u \u0111\u00e3i t\u1ea1o n\u00ean m\u1eadt ong th\u01a1m ngon, gi\u00e0u d\u01b0\u1ee1ng ch\u1ea5t.<\/li>\n<li>K\u1ebft h\u1ee3p s\u1eefa ong ch\u00faa t\u01b0\u01a1i \u2013 S\u1ef1 h\u00f2a quy\u1ec7n ho\u00e0n h\u1ea3o gi\u1eefa m\u1eadt ong nguy\u00ean ch\u1ea5t v\u00e0 s\u1eefa ong ch\u00faa t\u01b0\u01a1i 100%, gi\u00fap t\u0103ng c\u01b0\u1eddng gi\u00e1 tr\u1ecb dinh d\u01b0\u1ee1ng, mang l\u1ea1i nhi\u1ec1u l\u1ee3i \u00edch cho s\u1ee9c kh\u1ecfe.<\/li>\n<li>V\u1ecb ng\u1ecdt thanh, b\u1ed5 d\u01b0\u1ee1ng \u2013 Kh\u00f4ng qu\u00e1 g\u1eaft hay ng\u1ecdt kh\u00e9, m\u1eadt c\u00f3 v\u1ecb d\u1ecbu nh\u1eb9 t\u1ef1 nhi\u00ean, d\u1ec5 d\u00e0ng th\u01b0\u1edfng th\u1ee9c tr\u1ef1c ti\u1ebfp ho\u1eb7c pha ch\u1ebf m\u00f3n \u0103n, \u0111\u1ed3 u\u1ed1ng.<\/li>\n<\/ul>\n<p>&nbsp;<\/p>\n<p><strong>L\u1ee3i \u00edch n\u1ed5i b\u1eadt:<\/strong><\/p>\n<ul>\n<li>Cung c\u1ea5p n\u0103ng l\u01b0\u1ee3ng t\u1ef1 nhi\u00ean: V\u1edbi 332 kcal\/100g, b\u1ed5 sung n\u0103ng l\u01b0\u1ee3ng hi\u1ec7u qu\u1ea3 cho c\u01a1 th\u1ec3.<\/li>\n<li>B\u1ed5 d\u01b0\u1ee1ng t\u1eeb thi\u00ean nhi\u00ean: D\u01b0\u1ee1ng ch\u1ea5t t\u1eeb m\u1eadt ong v\u00e0 s\u1eefa ong ch\u00faa h\u1ed7 tr\u1ee3 ch\u0103m s\u00f3c s\u1ee9c kh\u1ecfe t\u1ed5ng th\u1ec3.<\/li>\n<li>H\u01b0\u01a1ng v\u1ecb th\u01a1m ngon, d\u1ec5 d\u00f9ng: Ph\u00f9 h\u1ee3p cho m\u1ecdi th\u00e0nh vi\u00ean trong gia \u0111\u00ecnh.<\/li>\n<\/ul>\n<p>&nbsp;<\/p>\n<p><strong>Th\u00e0nh ph\u1ea7n nguy\u00ean ch\u1ea5t:<\/strong><\/p>\n<ul>\n<li>99% M\u1eadt ong hoa r\u1eebng M\u1ed9c Ch\u00e2u<\/li>\n<li>1% S\u1eefa ong ch\u00faa t\u01b0\u01a1i<\/li>\n<\/ul>\n<p>&nbsp;<\/p>\n<p><strong>\u0110\u1ed1i t\u01b0\u1ee3ng s\u1eed d\u1ee5ng ph\u00f9 h\u1ee3p:<\/strong><\/p>\n<ul>\n<li>Ng\u01b0\u1eddi ti\u00eau d\u00f9ng mong mu\u1ed1n b\u1ed5 sung dinh d\u01b0\u1ee1ng t\u1ef1 nhi\u00ean v\u00e0o ch\u1ebf \u0111\u1ed9 \u0103n h\u1eb1ng ng\u00e0y.<\/li>\n<\/ul>\n<p>&nbsp;<\/p>\n<p><strong>\u00a0H\u01b0\u1edbng d\u1eabn s\u1eed d\u1ee5ng hi\u1ec7u qu\u1ea3:<\/strong><br \/>\n* D\u00f9ng tr\u1ef1c ti\u1ebfp: 1\u20132 th\u00eca m\u1ed7i ng\u00e0y \u0111\u1ec3 b\u1ed5 sung n\u0103ng l\u01b0\u1ee3ng t\u1ef1 nhi\u00ean.<br \/>\n* Pha n\u01b0\u1edbc u\u1ed1ng: H\u00f2a m\u1eadt ong v\u1edbi n\u01b0\u1edbc \u1ea5m (~40\u00b0C) \u0111\u1ec3 gi\u1eef tr\u1ecdn d\u01b0\u1ee1ng ch\u1ea5t<br \/>\n* Ch\u1ebf bi\u1ebfn th\u1ef1c ph\u1ea9m: D\u00f9ng l\u00e0m gia v\u1ecb ng\u1ecdt t\u1ef1 nhi\u00ean trong c\u00e1c m\u00f3n n\u01b0\u1edbng, pha tr\u00e0, l\u00e0m b\u00e1nh.<br \/>\n(L\u01b0u \u00fd: M\u1eadt ong nguy\u00ean ch\u1ea5t c\u00f3 th\u1ec3 k\u1ebft tinh khi g\u1eb7p l\u1ea1nh \u2013 Ng\u00e2m l\u1ecd m\u1eadt ong trong n\u01b0\u1edbc \u1ea5m kho\u1ea3ng 70\u00b0C, l\u1eafc \u0111\u1ec1u \u0111\u1ec3 m\u1eadt tan tr\u1edf l\u1ea1i.)<\/p>\n<p>&nbsp;<\/p>\n<p><strong>H\u01b0\u1edbng d\u1eabn b\u1ea3o qu\u1ea3n:<\/strong><\/p>\n<ul>\n<li>B\u1ea3o qu\u1ea3n n\u01a1i s\u1ea1ch s\u1ebd, kh\u00f4 r\u00e1o, tr\u00e1nh \u00e1nh n\u1eafng tr\u1ef1c ti\u1ebfp.<\/li>\n<li>\u0110\u1eady k\u00edn n\u1eafp sau m\u1ed7i l\u1ea7n s\u1eed d\u1ee5ng \u0111\u1ec3 gi\u1eef ch\u1ea5t l\u01b0\u1ee3ng s\u1ea3n ph\u1ea9m.<\/li>\n<\/ul>","protected":false},"excerpt":{"rendered":"<p>K\u1ebft h\u1ee3p s\u1eefa ong ch\u00faa t\u01b0\u01a1i \u2013 S\u1ef1 h\u00f2a quy\u1ec7n ho\u00e0n h\u1ea3o gi\u1eefa m\u1eadt ong nguy\u00ean ch\u1ea5t v\u00e0 s\u1eefa ong ch\u00faa t\u01b0\u01a1i 100%, gi\u00fap t\u0103ng c\u01b0\u1eddng gi\u00e1 tr\u1ecb dinh d\u01b0\u1ee1ng, mang l\u1ea1i nhi\u1ec1u l\u1ee3i \u00edch cho s\u1ee9c kh\u1ecfe.<\/p>","protected":false},"featured_media":2198,"comment_status":"open","ping_status":"closed","template":"","meta":[],"product_cat":[15],"product_tag":[],"class_list":{"0":"post-1371","1":"product","2":"type-product","3":"status-publish","4":"has-post-thumbnail","6":"product_cat-mat-ong-nguyen-chat","8":"first","9":"instock","10":"shipping-taxable","11":"purchasable","12":"product-type-simple"},"_links":{"self":[{"href":"https:\/\/thegoldenbee.vn\/en\/wp-json\/wp\/v2\/product\/1371","targetHints":{"allow":["GET"]}}],"collection":[{"href":"https:\/\/thegoldenbee.vn\/en\/wp-json\/wp\/v2\/product"}],"about":[{"href":"https:\/\/thegoldenbee.vn\/en\/wp-json\/wp\/v2\/types\/product"}],"replies":[{"embeddable":true,"href":"https:\/\/thegoldenbee.vn\/en\/wp-json\/wp\/v2\/comments?post=1371"}],"wp:featuredmedia":[{"embeddable":true,"href":"https:\/\/thegoldenbee.vn\/en\/wp-json\/wp\/v2\/media\/2198"}],"wp:attachment":[{"href":"https:\/\/thegoldenbee.vn\/en\/wp-json\/wp\/v2\/media?parent=1371"}],"wp:term":[{"taxonomy":"product_cat","embeddable":true,"href":"https:\/\/thegoldenbee.vn\/en\/wp-json\/wp\/v2\/product_cat?post=1371"},{"taxonomy":"product_tag","embeddable":true,"href":"https:\/\/thegoldenbee.vn\/en\/wp-json\/wp\/v2\/product_tag?post=1371"}],"curies":[{"name":"wp","href":"https:\/\/api.w.org\/{rel}","templated":true}]}}