{"id":1453,"date":"2025-01-28T11:40:18","date_gmt":"2025-01-28T04:40:18","guid":{"rendered":"https:\/\/thegoldenbee.vn\/?post_type=product&#038;p=1453"},"modified":"2025-11-25T16:38:57","modified_gmt":"2025-11-25T09:38:57","slug":"ong-vang-mat-ong-sua-chua-tuoi-1400g","status":"publish","type":"product","link":"https:\/\/thegoldenbee.vn\/en\/product\/ong-vang-mat-ong-sua-chua-tuoi-1400g\/","title":{"rendered":"Ong V\u00e0ng M\u1eadt Ong S\u1eefa Ch\u00faa T\u01b0\u01a1i 1400g"},"content":{"rendered":"<p class=\"QN2lPu\">\ud83d\udcdd Chi ti\u1ebft s\u1ea3n ph\u1ea9m:<\/p>\n<p class=\"QN2lPu\">\ud83c\udf6f M\u1eadt Ong S\u1eefa Ong Ch\u00faa T\u01b0\u01a1i &#8211; Ong V\u00e0ng \ud83c\udf6f<\/p>\n<p class=\"QN2lPu\">Tinh hoa t\u1eeb thi\u00ean nhi\u00ean .<\/p>\n<p class=\"QN2lPu\">\u2728 M\u1eadt ong r\u1eebng M\u1ed9c Ch\u00e2u nguy\u00ean ch\u1ea5t \u2013 \u0110\u01b0\u1ee3c thu ho\u1ea1ch t\u1eeb nh\u1eefng c\u00e1nh r\u1eebng hoa t\u1ef1 nhi\u00ean t\u1ea1i M\u1ed9c Ch\u00e2u, n\u01a1i kh\u00ed h\u1eadu trong l\u00e0nh v\u00e0 th\u1ed5 nh\u01b0\u1ee1ng \u01b0u \u0111\u00e3i t\u1ea1o n\u00ean m\u1eadt ong th\u01a1m ngon.<\/p>\n<p class=\"QN2lPu\">\ud83c\udf3c K\u1ebft h\u1ee3p s\u1eefa ong ch\u00faa t\u01b0\u01a1i \u2013 S\u1ef1 h\u00f2a quy\u1ec7n ho\u00e0n h\u1ea3o gi\u1eefa m\u1eadt ong nguy\u00ean ch\u1ea5t v\u00e0 s\u1eefa ong ch\u00faa t\u01b0\u01a1i.<\/p>\n<p class=\"QN2lPu\">\ud83d\udc96 V\u1ecb ng\u1ecdt thanh\u2013 Kh\u00f4ng qu\u00e1 g\u1eaft hay ng\u1ecdt kh\u00e9, m\u1eadt c\u00f3 v\u1ecb d\u1ecbu nh\u1eb9 , d\u1ec5 d\u00e0ng th\u01b0\u1edfng th\u1ee9c tr\u1ef1c ti\u1ebfp ho\u1eb7c pha ch\u1ebf m\u00f3n \u0103n, \u0111\u1ed3 u\u1ed1ng.<\/p>\n<p class=\"QN2lPu\">\ud83c\udf1f H\u01b0\u1edbng d\u1eabn s\u1eed d\u1ee5ng :<\/p>\n<p class=\"QN2lPu\">&#8211; D\u00f9ng n\u1ea5u \u0103n ho\u1eb7c k\u1ebft h\u1ee3p pha n\u01b0\u1edbc u\u1ed1ng r\u1ea5t t\u1ed1t.<\/p>\n<p class=\"QN2lPu\">\ud83c\udf38 H\u01b0\u01a1ng v\u1ecb th\u01a1m ngon, d\u1ec5 d\u00f9ng: Ph\u00f9 h\u1ee3p cho m\u1ecdi th\u00e0nh vi\u00ean trong gia \u0111\u00ecnh.<\/p>\n<p class=\"QN2lPu\">\ud83c\udf3c Th\u00e0nh ph\u1ea7n nguy\u00ean ch\u1ea5t:<\/p>\n<p class=\"QN2lPu\">* 99% M\u1eadt ong hoa r\u1eebng M\u1ed9c Ch\u00e2u<\/p>\n<p class=\"QN2lPu\">* 1% S\u1eefa ong ch\u00faa t\u01b0\u01a1i<\/p>\n<p class=\"QN2lPu\">\ud83e\udd44 H\u01b0\u1edbng d\u1eabn s\u1eed d\u1ee5ng :<\/p>\n<p class=\"QN2lPu\">* D\u00f9ng tr\u1ef1c ti\u1ebfp: 1\u20132 th\u00eca m\u1ed7i ng\u00e0y .<\/p>\n<p class=\"QN2lPu\">* Pha n\u01b0\u1edbc u\u1ed1ng: H\u00f2a m\u1eadt ong v\u1edbi n\u01b0\u1edbc \u1ea5m (~40\u00b0C) \u0111\u1ec3 gi\u1eef tr\u1ecdn m\u00f9i v\u1ecb.<\/p>\n<p class=\"QN2lPu\">* Ch\u1ebf bi\u1ebfn th\u1ef1c ph\u1ea9m: D\u00f9ng l\u00e0m gia v\u1ecb ng\u1ecdt t\u1ef1 nhi\u00ean trong c\u00e1c m\u00f3n n\u01b0\u1edbng, pha tr\u00e0, l\u00e0m b\u00e1nh.<\/p>\n<p class=\"QN2lPu\">(L\u01b0u \u00fd: M\u1eadt ong nguy\u00ean ch\u1ea5t c\u00f3 th\u1ec3 k\u1ebft tinh khi g\u1eb7p l\u1ea1nh \u2013 Ng\u00e2m l\u1ecd m\u1eadt ong trong n\u01b0\u1edbc \u1ea5m kho\u1ea3ng 70\u00b0C, l\u1eafc \u0111\u1ec1u \u0111\u1ec3 m\u1eadt tan tr\u1edf l\u1ea1i.)<\/p>\n<p class=\"QN2lPu\">\ud83d\udee1\ufe0f H\u01b0\u1edbng d\u1eabn b\u1ea3o qu\u1ea3n:<\/p>\n<p class=\"QN2lPu\">* B\u1ea3o qu\u1ea3n n\u01a1i s\u1ea1ch s\u1ebd, kh\u00f4 r\u00e1o, tr\u00e1nh \u00e1nh n\u1eafng tr\u1ef1c ti\u1ebfp.<\/p>\n<p class=\"QN2lPu\">* \u0110\u1eady k\u00edn n\u1eafp sau m\u1ed7i l\u1ea7n s\u1eed d\u1ee5ng \u0111\u1ec3 gi\u1eef ch\u1ea5t l\u01b0\u1ee3ng s\u1ea3n ph\u1ea9m.<\/p>\n<p class=\"QN2lPu\">\u2705 Cam k\u1ebft t\u1eeb Ong V\u00e0ng &#8211; The Golden Bee:<\/p>\n<p class=\"QN2lPu\">* Tu\u00e2n th\u1ee7 \u0111\u1ea7y \u0111\u1ee7 c\u00e1c quy \u0111\u1ecbnh v\u1ec1 an to\u00e0n th\u1ef1c ph\u1ea9m.<\/p>\n<p class=\"QN2lPu\">* Ch\u1ecbu tr\u00e1ch nhi\u1ec7m ph\u00e1p l\u00fd v\u00e0 ch\u1ea5t l\u01b0\u1ee3ng s\u1ea3n ph\u1ea9m \u0111\u00e3 c\u00f4ng b\u1ed1.<\/p>\n<p class=\"QN2lPu\">* Kh\u00f4ng pha tr\u1ed9n, kh\u00f4ng h\u00f3a ch\u1ea5t, \u0111\u1ea3m b\u1ea3o m\u1eadt ong v\u00e0 s\u1eefa ong ch\u00faa thi\u00ean nhi\u00ean.<\/p>\n<p class=\"QN2lPu\">#MatOngSuaOngChua #OngVang #MatOngNguyenChat #SuaOngChua #MatOngMocChau #TheGoldenBee #MadeInVietnam<\/p>","protected":false},"excerpt":{"rendered":"<p>K\u1ebft h\u1ee3p s\u1eefa ong ch\u00faa t\u01b0\u01a1i \u2013 S\u1ef1 h\u00f2a quy\u1ec7n ho\u00e0n h\u1ea3o gi\u1eefa m\u1eadt ong nguy\u00ean ch\u1ea5t v\u00e0 s\u1eefa ong ch\u00faa t\u01b0\u01a1i 100%, gi\u00fap t\u0103ng c\u01b0\u1eddng gi\u00e1 tr\u1ecb dinh d\u01b0\u1ee1ng, mang l\u1ea1i nhi\u1ec1u l\u1ee3i \u00edch cho s\u1ee9c kh\u1ecfe.<\/p>","protected":false},"featured_media":1992,"comment_status":"open","ping_status":"closed","template":"","meta":[],"product_cat":[15],"product_tag":[],"class_list":{"0":"post-1453","1":"product","2":"type-product","3":"status-publish","4":"has-post-thumbnail","6":"product_cat-mat-ong-nguyen-chat","8":"first","9":"instock","10":"shipping-taxable","11":"purchasable","12":"product-type-simple"},"_links":{"self":[{"href":"https:\/\/thegoldenbee.vn\/en\/wp-json\/wp\/v2\/product\/1453","targetHints":{"allow":["GET"]}}],"collection":[{"href":"https:\/\/thegoldenbee.vn\/en\/wp-json\/wp\/v2\/product"}],"about":[{"href":"https:\/\/thegoldenbee.vn\/en\/wp-json\/wp\/v2\/types\/product"}],"replies":[{"embeddable":true,"href":"https:\/\/thegoldenbee.vn\/en\/wp-json\/wp\/v2\/comments?post=1453"}],"wp:featuredmedia":[{"embeddable":true,"href":"https:\/\/thegoldenbee.vn\/en\/wp-json\/wp\/v2\/media\/1992"}],"wp:attachment":[{"href":"https:\/\/thegoldenbee.vn\/en\/wp-json\/wp\/v2\/media?parent=1453"}],"wp:term":[{"taxonomy":"product_cat","embeddable":true,"href":"https:\/\/thegoldenbee.vn\/en\/wp-json\/wp\/v2\/product_cat?post=1453"},{"taxonomy":"product_tag","embeddable":true,"href":"https:\/\/thegoldenbee.vn\/en\/wp-json\/wp\/v2\/product_tag?post=1453"}],"curies":[{"name":"wp","href":"https:\/\/api.w.org\/{rel}","templated":true}]}}