{"id":1688,"date":"2025-04-12T02:22:05","date_gmt":"2025-04-11T19:22:05","guid":{"rendered":"https:\/\/thegoldenbee.vn\/?post_type=product&#038;p=1688"},"modified":"2025-11-25T16:47:56","modified_gmt":"2025-11-25T09:47:56","slug":"ong-vang-mat-ong-hoa-rung-tay-bac-450g","status":"publish","type":"product","link":"https:\/\/thegoldenbee.vn\/en\/product\/ong-vang-mat-ong-hoa-rung-tay-bac-450g\/","title":{"rendered":"Ong v\u00e0ng m\u1eadt ong hoa R\u1eebng T\u00e2y B\u1eafc 450g"},"content":{"rendered":"<p class=\"QN2lPu\">B\u1ea1n \u0111ang t\u00ecm ki\u1ebfm m\u1ed9t s\u1ea3n ph\u1ea9m m\u1eadt ong nguy\u00ean ch\u1ea5t, l\u00e0 nguy\u00ean li\u1ec7u tuy\u1ec7t v\u1eddi cho c\u00e1c m\u00f3n \u0103n, th\u1ee9c u\u1ed1ng? M\u1eadt Ong Hoa R\u1eebng T\u00e2y B\u1eafc t\u1eeb th\u01b0\u01a1ng hi\u1ec7u uy t\u00edn ONG V\u00c0NG &#8211; THE GOLDEN BEE ch\u00ednh l\u00e0 s\u1ef1 l\u1ef1a ch\u1ecdn ho\u00e0n h\u1ea3o d\u00e0nh cho b\u1ea1n v\u00e0 gia \u0111\u00ecnh!<\/p>\n<p class=\"QN2lPu\">\ud83c\udf3f T\u1ea0I SAO B\u1ea0N N\u00caN CH\u1eccN M\u1eacT ONG HOA R\u1eeaNG T\u00c2Y B\u1eaeC C\u1ee6A ONG V\u00c0NG?<\/p>\n<p class=\"QN2lPu\">\ud83c\udfde\ufe0f Khai th\u00e1c t\u1eeb m\u1eadt c\u1ee7a c\u00e1c lo\u00e0i hoa r\u1eebng t\u1ef1 nhi\u00ean t\u1ea1i v\u00f9ng n\u00fai T\u00e2y B\u1eafc Vi\u1ec7t Nam trong l\u00e0nh. S\u1ea3n ph\u1ea9m gi\u1eef tr\u1ecdn v\u1eb9n 100% s\u1ef1 tinh t\u00fay, h\u01b0\u01a1ng v\u1ecb \u0111\u1eb7c tr\u01b0ng c\u1ee7a m\u1eadt ong thi\u00ean nhi\u00ean v\u00f9ng cao.<\/p>\n<p class=\"QN2lPu\">\ud83d\udcaf M\u1eadt ong nguy\u00ean ch\u1ea5t, kh\u00f4ng pha tr\u1ed9n, kh\u00f4ng th\u00eam \u0111\u01b0\u1eddng, kh\u00f4ng ch\u1ea5t b\u1ea3o qu\u1ea3n. Ch\u1ec9 c\u00f3 v\u1ecb ng\u1ecdt thanh v\u00e0 h\u01b0\u01a1ng th\u01a1m t\u1ef1 nhi\u00ean t\u1eeb hoa r\u1eebng.<\/p>\n<p class=\"QN2lPu\">\ud83c\udf6fThanh m\u00e1t c\u00f9ng h\u01b0\u01a1ng th\u01a1m n\u1ed3ng n\u00e0n, \u0111\u1eb7c tr\u01b0ng kh\u00f4ng th\u1ec3 nh\u1ea7m l\u1eabn c\u1ee7a m\u1eadt ong hoa r\u1eebng T\u00e2y B\u1eafc.<\/p>\n<p class=\"QN2lPu\">\u2705 Th\u01b0\u01a1ng Hi\u1ec7u Uy T\u00edn THE GOLDEN BEE: C\u00f4ng ty CP Th\u01b0\u01a1ng m\u1ea1i Th\u1ef1c ph\u1ea9m Qu\u1ed1c t\u1ebf Ong V\u00e0ng \u0111\u1ea3m b\u1ea3o ch\u1ea5t l\u01b0\u1ee3ng v\u00e0 an to\u00e0n.<\/p>\n<p class=\"QN2lPu\">\ud83d\udcaa L\u1ee2I \u00cdCH TUY\u1ec6T V\u1edcI T\u1eea M\u1eacT ONG ONG V\u00c0NG:<\/p>\n<p class=\"QN2lPu\">\ud83c\udf7d\ufe0f Gia V\u1ecb T\u1ef1 Nhi\u00ean Ho\u00e0n H\u1ea3o: T\u1ea1o v\u1ecb ng\u1ecdt thanh thay th\u1ebf \u0111\u01b0\u1eddng tinh luy\u1ec7n cho c\u00e1c m\u00f3n \u0103n, \u0111\u1ed3 u\u1ed1ng (tr\u00e0, cafe, n\u01b0\u1edbc \u00e9p, s\u1eefa chua&#8230;).<\/p>\n<p class=\"QN2lPu\">\ud83d\udcdd H\u01af\u1edaNG D\u1eaaN S\u1eec D\u1ee4NG:<\/p>\n<p class=\"QN2lPu\">D\u00f9ng tr\u1ef1c ti\u1ebfp: 1-2 th\u00eca cafe (10-20g) m\u1ed7i ng\u00e0y.<\/p>\n<p class=\"QN2lPu\">Pha v\u1edbi n\u01b0\u1edbc \u1ea5m (kho\u1ea3ng 35-40\u00b0C) \u0111\u1ec3 u\u1ed1ng v\u00e0o bu\u1ed5i s\u00e1ng ho\u1eb7c t\u1ed1i.<\/p>\n<p class=\"QN2lPu\">K\u1ebft h\u1ee3p v\u1edbi chanh, g\u1eebng, t\u1eafc, tinh b\u1ed9t ngh\u1ec7.<\/p>\n<p class=\"QN2lPu\">D\u00f9ng l\u00e0m gia v\u1ecb t\u1ea9m \u01b0\u1edbp, ch\u1ebf bi\u1ebfn m\u00f3n \u0103n, l\u00e0m b\u00e1nh, pha ch\u1ebf \u0111\u1ed3 u\u1ed1ng.<\/p>\n<p class=\"QN2lPu\">\ud83c\udfe0 H\u01af\u1edaNG D\u1eaaN B\u1ea2O QU\u1ea2N:<\/p>\n<p class=\"QN2lPu\">B\u1ea3o qu\u1ea3n n\u01a1i s\u1ea1ch s\u1ebd, kh\u00f4 r\u00e1o, tho\u00e1ng m\u00e1t.<\/p>\n<p class=\"QN2lPu\">Tr\u00e1nh \u00e1nh n\u1eafng tr\u1ef1c ti\u1ebfp chi\u1ebfu v\u00e0o s\u1ea3n ph\u1ea9m.<\/p>\n<p class=\"QN2lPu\">\u0110\u1eady k\u00edn n\u1eafp sau m\u1ed7i l\u1ea7n s\u1eed d\u1ee5ng.<\/p>\n<p class=\"QN2lPu\">\u2b50 CAM K\u1ebeT T\u1eea THE GOLDEN BEE:<\/p>\n<p class=\"QN2lPu\">\u0110\u1ea1t chu\u1ea9n ATVSTP ISO 22000:2018 v\u1ec1 ch\u1ea5t l\u01b0\u1ee3ng m\u1eadt ong.<\/p>\n<p class=\"QN2lPu\">M\u1eadt ong thi\u00ean nhi\u00ean, nguy\u00ean ch\u1ea5t t\u1eeb hoa r\u1eebng T\u00e2y B\u1eafc.<\/p>\n<p class=\"QN2lPu\">Ch\u1ecbu tr\u00e1ch nhi\u1ec7m v\u1ec1 ch\u1ea5t l\u01b0\u1ee3ng s\u1ea3n ph\u1ea9m \u0111\u00e3 c\u00f4ng b\u1ed1.<\/p>\n<p class=\"QN2lPu\">#matong #matonghoarung #matongtaybac #matongongvang #matongnguyenchat #matongthiennhien #thegoldenbee #ongvang #dacsanTayBac<\/p>","protected":false},"excerpt":{"rendered":"<p>B\u1ea1n \u0111ang t\u00ecm ki\u1ebfm m\u1ed9t s\u1ea3n ph\u1ea9m m\u1eadt ong nguy\u00ean ch\u1ea5t, t\u1ef1 nhi\u00ean, v\u1eeba t\u1ed1t cho s\u1ee9c kh\u1ecfe v\u1eeba l\u00e0 nguy\u00ean li\u1ec7u tuy\u1ec7t v\u1eddi cho c\u00e1c m\u00f3n \u0103n, th\u1ee9c u\u1ed1ng? M\u1eadt Ong Hoa R\u1eebng T\u00e2y B\u1eafc t\u1eeb th\u01b0\u01a1ng hi\u1ec7u uy t\u00edn ONG V\u00c0NG &#8211; THE GOLDEN BEE ch\u00ednh l\u00e0 s\u1ef1 l\u1ef1a ch\u1ecdn ho\u00e0n h\u1ea3o d\u00e0nh cho b\u1ea1n v\u00e0 gia \u0111\u00ecnh!<\/p>","protected":false},"featured_media":1812,"comment_status":"open","ping_status":"closed","template":"","meta":[],"product_cat":[15],"product_tag":[],"class_list":{"0":"post-1688","1":"product","2":"type-product","3":"status-publish","4":"has-post-thumbnail","6":"product_cat-mat-ong-nguyen-chat","8":"first","9":"instock","10":"shipping-taxable","11":"purchasable","12":"product-type-simple"},"_links":{"self":[{"href":"https:\/\/thegoldenbee.vn\/en\/wp-json\/wp\/v2\/product\/1688","targetHints":{"allow":["GET"]}}],"collection":[{"href":"https:\/\/thegoldenbee.vn\/en\/wp-json\/wp\/v2\/product"}],"about":[{"href":"https:\/\/thegoldenbee.vn\/en\/wp-json\/wp\/v2\/types\/product"}],"replies":[{"embeddable":true,"href":"https:\/\/thegoldenbee.vn\/en\/wp-json\/wp\/v2\/comments?post=1688"}],"wp:featuredmedia":[{"embeddable":true,"href":"https:\/\/thegoldenbee.vn\/en\/wp-json\/wp\/v2\/media\/1812"}],"wp:attachment":[{"href":"https:\/\/thegoldenbee.vn\/en\/wp-json\/wp\/v2\/media?parent=1688"}],"wp:term":[{"taxonomy":"product_cat","embeddable":true,"href":"https:\/\/thegoldenbee.vn\/en\/wp-json\/wp\/v2\/product_cat?post=1688"},{"taxonomy":"product_tag","embeddable":true,"href":"https:\/\/thegoldenbee.vn\/en\/wp-json\/wp\/v2\/product_tag?post=1688"}],"curies":[{"name":"wp","href":"https:\/\/api.w.org\/{rel}","templated":true}]}}