{"id":3000,"date":"2025-11-10T12:52:24","date_gmt":"2025-11-10T05:52:24","guid":{"rendered":"https:\/\/thegoldenbee.vn\/?post_type=product&#038;p=3000"},"modified":"2026-04-22T18:01:22","modified_gmt":"2026-04-22T11:01:22","slug":"hop-qua-nhu-y-the-golden-bee","status":"publish","type":"product","link":"https:\/\/thegoldenbee.vn\/en\/product\/hop-qua-nhu-y-the-golden-bee\/","title":{"rendered":"The Golden Bee H\u1ed9p Qu\u00e0 Nh\u01b0 \u00dd The Golden Bee"},"content":{"rendered":"<p class=\"QN2lPu\">Th\u00f4ng tin s\u1ea3n ph\u1ea9m:<\/p>\n<p class=\"QN2lPu\">H\u1ed9p Qu\u00e0 Nh\u01b0 \u00dd The Golden Bee 1 h\u0169 m\u1eadt ong \u0111\u01a1n kim 500g+1 h\u0169 vi\u00ean tinh ngh\u1ec7 120g+1 h\u0169 ngh\u1ec7 nano 250g +c\u00e2y khu\u1ea5y m\u1eadt.<\/p>\n<p class=\"QN2lPu\">M\u00f4 t\u1ea3 s\u1ea3n ph\u1ea9m:<\/p>\n<p class=\"QN2lPu\">1 &#8211; M\u1eadt ong hoa \u0111\u01a1n kim 500g.<\/p>\n<p class=\"QN2lPu\">D\u00f2ng m\u1eadt cao c\u1ea5p &#8211; V\u1ecb ng\u1ecdt thanh, h\u01b0\u01a1ng th\u01a1m t\u1ef1 nhi\u00ean!<\/p>\n<p class=\"QN2lPu\">Nguy\u00ean ch\u1ea5t t\u1eeb hoa \u0111\u01a1n kim (hoa xuy\u1ebfn chi) \u2013 \u0110\u01b0\u1ee3c khai th\u00e1c t\u1eeb nh\u1eefng b\u00f4ng hoa xuy\u1ebfn chi m\u1ecdc t\u1ef1 nhi\u00ean \u1edf v\u00f9ng n\u00fai v\u00e0 trung du ph\u00eda B\u1eafc Vi\u1ec7t Nam. Kh\u00f4ng pha tr\u1ed9n, gi\u1eef tr\u1ecdn d\u01b0\u1ee1ng ch\u1ea5t v\u00e0 h\u01b0\u01a1ng v\u1ecb thu\u1ea7n khi\u1ebft c\u1ee7a thi\u00ean nhi\u00ean.<\/p>\n<p class=\"QN2lPu\">M\u00e0u v\u00e0ng \u00f3ng \u00e1nh, s\u00e1nh \u0111\u1eb7c t\u1ef1 nhi\u00ean \u2013 M\u1ed7i gi\u1ecdt m\u1eadt \u00f3ng \u00e1nh, s\u00e1nh m\u1ecbn, ch\u1ee9a \u0111\u1ef1ng s\u1ef1 tinh t\u00fay t\u1eeb \u0111\u1ea5t tr\u1eddi, mang l\u1ea1i c\u1ea3m gi\u00e1c th\u01a1m ngon, d\u1ec5 ch\u1ecbu ngay t\u1eeb l\u1ea7n n\u1ebfm \u0111\u1ea7u ti\u00ean.<\/p>\n<p class=\"QN2lPu\">H\u01b0\u01a1ng th\u01a1m d\u1ecbu nh\u1eb9, ng\u1ecdt thanh \u0111\u1eb7c tr\u01b0ng \u2013 D\u00f2ng m\u1eadt \u0111\u01b0\u1ee3c nhi\u1ec1u ng\u01b0\u1eddi \u01b0a chu\u1ed9ng nh\u1edd s\u1ef1 thanh khi\u1ebft, d\u1ec5 d\u00f9ng, th\u00edch h\u1ee3p cho m\u1ecdi \u0111\u1ed1i t\u01b0\u1ee3ng.<\/p>\n<p class=\"QN2lPu\">2 &#8211; Vi\u00ean tinh ngh\u1ec7 m\u1eadt ong s\u1eefa ong ch\u00faa 120g.<\/p>\n<p class=\"QN2lPu\">-T\u1eeb xa x\u01b0a ta \u0111\u00e3 xem tinh b\u1ed9t ngh\u1ec7 l\u00e0 nguy\u00ean li\u1ec7u h\u1ed7 tr\u1ee3 h\u1ec7 ti\u00eau h\u00f3a th\u00e0nh ph\u1ea7n ch\u00ednh trong tinh b\u1ed9t ngh\u1ec7 l\u00e0 ho\u1ea1t ch\u1ea5t curcumin.<\/p>\n<p class=\"QN2lPu\">-Tuy nhi\u00ean, theo c\u00e1c nghi\u00ean c\u1ee9u g\u1ea7n \u0111\u00e2y, tinh b\u1ed9t ngh\u1ec7 truy\u1ec1n th\u1ed1ng c\u00f3 nh\u01b0\u1ee3c \u0111i\u1ec3m kh\u00f3 h\u1ea5p th\u1ee5 v\u00e0o c\u01a1 th\u1ec3. Nguy\u00ean nh\u00e2n l\u00e0 do:<\/p>\n<p class=\"QN2lPu\">\u2022 Ch\u01b0a lo\u1ea1i b\u1ecf ho\u00e0n to\u00e0n d\u1ea7u ngh\u1ec7 v\u00e0 x\u00e1c ngh\u1ec7.<\/p>\n<p class=\"QN2lPu\">\u2022 H\u00e0m l\u01b0\u1ee3ng Curcumin trong tinh b\u1ed9t ngh\u1ec7 kh\u00f4ng \u0111\u01b0\u1ee3c cao.<\/p>\n<p class=\"QN2lPu\">\u2022 C\u00f3 m\u00f9i h\u0103ng, g\u00e2y kh\u00f3 ch\u1ecbu khi s\u1eed d\u1ee5ng l\u00e2u d\u00e0i.<\/p>\n<p class=\"QN2lPu\">-Do \u0111\u00f3 The Golden Bee \u0111\u00e3 nghi\u00ean c\u1ee9u v\u00e0 cho ra th\u1ecb tr\u01b0\u1eddng s\u1ea3n ph\u1ea9m Vi\u00ean Tinh Ngh\u1ec7 M\u1eadt Ong S\u1eefa Ong Ch\u00faa th\u1ebf h\u1ec7 m\u1edbi \u2013\u0110\u1ec3 khi s\u1eed d\u1ee5ng th\u1ea5p thu \u0111\u01b0\u1ee3c t\u1ed1t nh\u1ea5t.<\/p>\n<p class=\"QN2lPu\">&#8211; S\u1ea3n ph\u1ea9m Vi\u00ean tinh ngh\u1ec7 m\u1eadt ong s\u1eefa ong ch\u00faa \u0111\u01b0\u1ee3c s\u1ea3n xu\u1ea5t theo quy tr\u00ecnh kh\u00e9p k\u00edn, c\u00f9ng c\u00f4ng ngh\u1ec7 \u0111\u1ed3ng h\u00f3a gi\u00fap h\u1ed7n h\u1ee3p m\u1eadt ong Curcumin \u0111\u1ea1t \u0111\u1ed9 m\u1ecbn cao v\u00e0 s\u1ef1 k\u1ebft h\u1ee3p v\u1edbi s\u1eefa ong ch\u00faa v\u00e0 m\u1eadt ong nguy\u00ean ch\u1ea5t,gi\u00fap b\u1ea3o to\u00e0n d\u01b0\u1ee1ng ch\u1ea5t, mang \u0111\u1ebfn t\u00ednh th\u1ea9m m\u1ef9 v\u00e0 ph\u00f9 h\u1ee3p v\u1edbi nhu c\u1ea7u c\u1ee7a kh\u00e1ch h\u00e0ng.<\/p>\n<p class=\"QN2lPu\">+ Vi\u00ean tinh ngh\u1ec7 m\u1eadt ong s\u1eefa ong ch\u00faa c\u00f3 v\u1ecb ng\u1ecdt d\u1ecbu , h\u01b0\u01a1ng th\u01a1m d\u1ec5 ch\u1ecbu v\u1ecb \u0111\u1eb7c tr\u01b0ng c\u1ee7a s\u1eefa ong ch\u00faa v\u00e0 m\u1eadt ong nguy\u00ean ch\u1ea5t , ho\u00e0n to\u00e0n d\u1ec5 u\u1ed1ng v\u1edbi b\u1ea5t k\u00ec ai, kh\u00f4ng c\u00f3 m\u00f9i h\u0103ng c\u1ee7a ngh\u1ec7 nh\u01b0 c\u00e1c s\u1ea3n ph\u1ea9m th\u00f4ng th\u01b0\u1eddng.<\/p>\n<p class=\"QN2lPu\">S\u1ef1 k\u1ebft h\u1ee3p Tinh ngh\u1ec7 Curcumin + S\u1eefa ong ch\u00faa + M\u1eadt ong nguy\u00ean ch\u1ea5t \u2013 S\u1ef1 ph\u1ed1i h\u1ee3p ho\u00e0n h\u1ea3o gi\u1eefa ba d\u01b0\u1ee1ng ch\u1ea5t.<\/p>\n<p class=\"QN2lPu\">Ti\u1ec7n l\u1ee3i khi s\u1eed d\u1ee5ng \u2013 d\u1ec5 u\u1ed1ng ho\u1eb7c nhai tr\u1ef1c ti\u1ebfp, ph\u00f9 h\u1ee3p v\u1edbi l\u1ed1i s\u1ed1ng b\u1eadn r\u1ed9n hi\u1ec7n \u0111\u1ea1i.<\/p>\n<p class=\"QN2lPu\">-M\u00f9i v\u1ecb th\u01a1m ngon \u2013Kh\u00f4ng b\u1ecb m\u00f9i h\u1eafc,ng\u1ecdt d\u1ecbu t\u1eeb m\u1eadt ong h\u00f2a quy\u1ec7n c\u00f9ng tinh ngh\u1ec7 v\u00e0 s\u1eefa ong ch\u00faa, d\u1ec5 ch\u1ecbu v\u00e0 d\u1ec5 s\u1eed d\u1ee5ng ti\u1ec7n l\u1ee3i.<\/p>\n<p class=\"QN2lPu\">3 -M\u1eadt ong nano curcumin 250g.<\/p>\n<p class=\"QN2lPu\">-T\u1eeb xa x\u01b0a ta \u0111\u00e3 xem tinh b\u1ed9t ngh\u1ec7 l\u00e0 nguy\u00ean li\u1ec7u h\u1ed7 tr\u1ee3 h\u1ec7 ti\u00eau h\u00f3a th\u00e0nh ph\u1ea7n ch\u00ednh trong tinh b\u1ed9t ngh\u1ec7 l\u00e0 ho\u1ea1t ch\u1ea5t curcumin.<\/p>\n<p class=\"QN2lPu\">-Tuy nhi\u00ean, theo c\u00e1c nghi\u00ean c\u1ee9u g\u1ea7n \u0111\u00e2y, tinh b\u1ed9t ngh\u1ec7 truy\u1ec1n th\u1ed1ng c\u00f3 nh\u01b0\u1ee3c \u0111i\u1ec3m kh\u00f3 h\u1ea5p th\u1ee5 v\u00e0o c\u01a1 th\u1ec3. Nguy\u00ean nh\u00e2n l\u00e0 do:<\/p>\n<p class=\"QN2lPu\">\u2022 Ch\u01b0a lo\u1ea1i b\u1ecf ho\u00e0n to\u00e0n d\u1ea7u ngh\u1ec7 v\u00e0 x\u00e1c ngh\u1ec7.<\/p>\n<p class=\"QN2lPu\">\u2022 H\u00e0m l\u01b0\u1ee3ng Curcumin trong tinh b\u1ed9t ngh\u1ec7 kh\u00f4ng \u0111\u01b0\u1ee3c cao.<\/p>\n<p class=\"QN2lPu\">\u2022 C\u00f3 m\u00f9i h\u0103ng, g\u00e2y kh\u00f3 ch\u1ecbu khi s\u1eed d\u1ee5ng l\u00e2u d\u00e0i.<\/p>\n<p class=\"QN2lPu\">\u2e3b<\/p>\n<p class=\"QN2lPu\">-Do \u0111\u00f3 The Golden Bee \u0111\u00e3 nghi\u00ean c\u1ee9u v\u00e0 cho ra th\u1ecb tr\u01b0\u1eddng v\u1edbi s\u1ea3n ph\u1ea9m n\u1ed5i tr\u1ed9i M\u1eadt ong Nano Curcumin th\u1ebf h\u1ec7 m\u1edbi \u2013 Gi\u1ea3i ph\u00e1p c\u1ea3i ti\u1ebfn v\u01b0\u1ee3t b\u1eadc.<\/p>\n<p class=\"QN2lPu\">-V\u1edbi s\u1ef1 ph\u00e1t tri\u1ec3n c\u1ee7a khoa h\u1ecdc, Curcumin ng\u00e0y nay \u0111\u01b0\u1ee3c \u1ee9ng d\u1ee5ng \u1edf d\u1ea1ng Nano si\u00eau nh\u1ecf, gi\u00fap t\u0103ng kh\u1ea3 n\u0103ng h\u1ea5p thu so v\u1edbi d\u1ea1ng th\u00f4ng th\u01b0\u1eddng.<\/p>\n<p class=\"QN2lPu\">-Khi k\u1ebft h\u1ee3p gi\u1eefa tinh ngh\u1ec7 Nano Curcumin c\u00f9ng m\u1eadt ong nguy\u00ean ch\u1ea5t, s\u1ea3n ph\u1ea9m kh\u00f4ng ch\u1ec9 d\u1ec5 u\u1ed1ng, th\u01a1m ngon t\u1ef1 nhi\u00ean m\u00e0 c\u00f2n mang l\u1ea1i nhi\u1ec1u gi\u00e1 tr\u1ecb v\u01b0\u1ee3t tr\u1ed9i.<\/p>\n<p class=\"QN2lPu\">&#8211; \u0110\u1ed9 h\u00f2a tan v\u01b0\u1ee3t tr\u1ed9i \u2013 Nano Curcumin trong m\u1eadt ong The Golden Bee d\u1ec5 d\u00e0ng h\u00f2a tan trong n\u01b0\u1edbc \u1ea5m, thu\u1eadn ti\u1ec7n s\u1eed d\u1ee5ng h\u00e0ng ng\u00e0y.<\/p>\n<p class=\"QN2lPu\">S\u1eed d\u1ee5ng: H\u1ed9p qu\u00e0 Nh\u01b0 \u00dd The Golden Bee ph\u00f9 h\u1ee3p cho nh\u1eefng ai mu\u1ed1n th\u01b0\u1edfng th\u1ee9c m\u1eadt ong, vi\u00ean tinh ngh\u1ec7 v\u00e0 ngh\u1ec7 nano. \ud83c\udf1f<\/p>\n<p class=\"QN2lPu\">H\u01b0\u1edbng d\u1eab s\u1eed d\u1ee5ng : D\u00f9ng tr\u1ef1c ti\u1ebfp ho\u1eb7c pha n\u01b0\u1edbc u\u1ed1ng.<\/p>\n<p class=\"QN2lPu\">B\u1ea3o qu\u1ea3n : M\u00f4i tr\u01b0\u1eddng b\u00ecnh th\u01b0\u1eddng.<\/p>\n<p class=\"QN2lPu\">\u2705 Cam k\u1ebft t\u1eeb The Golden Bee:<\/p>\n<p class=\"QN2lPu\">* \u0110\u1ea1t chu\u1ea9n **ISO 22000-2018**, **Ch\u1ee9ng nh\u1eadn An To\u00e0n V\u1ec7 Sinh Th\u1ef1c ph\u1ea9m (ATVSTP)**.<\/p>\n<p class=\"QN2lPu\">* Kh\u00f4ng pha tr\u1ed9n, kh\u00f4ng ch\u1ea5t b\u1ea3o qu\u1ea3n, kh\u00f4ng h\u01b0\u01a1ng li\u1ec7u nh\u00e2n t\u1ea1o,kh\u00f4ng thu\u1ed1c b\u1ea3o v\u1ec7 th\u1ef1c v\u1eadt.<\/p>\n<p class=\"QN2lPu\">\u2757 S\u1ea3n ph\u1ea9m \u0111\u1ebfn tay qu\u00fd kh\u00e1ch lu\u00f4n \u0111\u01b0\u1ee3c \u0111\u00f3ng g\u00f3i &#8211; ni\u00eam phong c\u1ea9n th\u1eadn, c\u00f3 seal ch\u1ed1ng h\u00e0ng gi\u1ea3 c\u1ee7a th\u01b0\u01a1ng hi\u1ec7u The Golden Bee.<\/p>\n<p class=\"QN2lPu\">HSD : 24 TH\u00c1NG<\/p>\n<p class=\"QN2lPu\">TH\u01af\u01a0NG HI\u1ec6U : THE GOLDEN BEE<\/p>\n<p class=\"QN2lPu\">#matonghoadonkim #thegoldenbee #matongthegoldenbee #matongnguyenchat #matongxuyenchi #matongtunhien #matongvietnam #naturalhone #hopqua #tinhnghe<\/p>","protected":false},"excerpt":{"rendered":"<p>Th\u00f4ng tin s\u1ea3n ph\u1ea9m: H\u1ed9p Qu\u00e0 Nh\u01b0 \u00dd The Golden Bee 1 h\u0169 m\u1eadt ong \u0111\u01a1n kim 500g+1 h\u0169 vi\u00ean tinh ngh\u1ec7 120g+1 h\u0169 ngh\u1ec7 nano 250g +c\u00e2y khu\u1ea5y m\u1eadt. M\u00f4 t\u1ea3 s\u1ea3n ph\u1ea9m: 1 &#8211; M\u1eadt ong hoa \u0111\u01a1n kim 500g. D\u00f2ng m\u1eadt cao c\u1ea5p &#8211; V\u1ecb ng\u1ecdt thanh, h\u01b0\u01a1ng th\u01a1m t\u1ef1 nhi\u00ean! Nguy\u00ean [&hellip;]<\/p>","protected":false},"featured_media":3001,"comment_status":"open","ping_status":"closed","template":"","meta":[],"product_cat":[15,52],"product_tag":[53],"class_list":{"0":"post-3000","1":"product","2":"type-product","3":"status-publish","4":"has-post-thumbnail","6":"product_cat-mat-ong-nguyen-chat","7":"product_cat-set-qua-tet-2026","8":"product_tag-matonghoadonkim-thegoldenbee-matongthegoldenbee-matongnguyenchat-matongxuyenchi-matongtunhien-matongvietnam-naturalhone-hopqua-tinhnghe","10":"first","11":"instock","12":"shipping-taxable","13":"purchasable","14":"product-type-simple"},"_links":{"self":[{"href":"https:\/\/thegoldenbee.vn\/en\/wp-json\/wp\/v2\/product\/3000","targetHints":{"allow":["GET"]}}],"collection":[{"href":"https:\/\/thegoldenbee.vn\/en\/wp-json\/wp\/v2\/product"}],"about":[{"href":"https:\/\/thegoldenbee.vn\/en\/wp-json\/wp\/v2\/types\/product"}],"replies":[{"embeddable":true,"href":"https:\/\/thegoldenbee.vn\/en\/wp-json\/wp\/v2\/comments?post=3000"}],"wp:featuredmedia":[{"embeddable":true,"href":"https:\/\/thegoldenbee.vn\/en\/wp-json\/wp\/v2\/media\/3001"}],"wp:attachment":[{"href":"https:\/\/thegoldenbee.vn\/en\/wp-json\/wp\/v2\/media?parent=3000"}],"wp:term":[{"taxonomy":"product_cat","embeddable":true,"href":"https:\/\/thegoldenbee.vn\/en\/wp-json\/wp\/v2\/product_cat?post=3000"},{"taxonomy":"product_tag","embeddable":true,"href":"https:\/\/thegoldenbee.vn\/en\/wp-json\/wp\/v2\/product_tag?post=3000"}],"curies":[{"name":"wp","href":"https:\/\/api.w.org\/{rel}","templated":true}]}}