{"id":3217,"date":"2025-12-06T19:25:12","date_gmt":"2025-12-06T12:25:12","guid":{"rendered":"https:\/\/thegoldenbee.vn\/?post_type=product&#038;p=3217"},"modified":"2026-04-22T18:00:46","modified_gmt":"2026-04-22T11:00:46","slug":"mat-ong-nhan-sam-7goi-x-15g-hop-doc","status":"publish","type":"product","link":"https:\/\/thegoldenbee.vn\/en\/product\/mat-ong-nhan-sam-7goi-x-15g-hop-doc\/","title":{"rendered":"The Golden Bee M\u1eadt Ong Nh\u00e2n S\u00e2m 7g\u00f3i x 15g (H\u1ed9p d\u1ecdc)"},"content":{"rendered":"","protected":false},"excerpt":{"rendered":"","protected":false},"featured_media":3218,"comment_status":"open","ping_status":"closed","template":"","meta":[],"product_cat":[15],"product_tag":[],"class_list":{"0":"post-3217","1":"product","2":"type-product","3":"status-publish","4":"has-post-thumbnail","6":"product_cat-mat-ong-nguyen-chat","8":"first","9":"instock","10":"shipping-taxable","11":"product-type-simple"},"_links":{"self":[{"href":"https:\/\/thegoldenbee.vn\/en\/wp-json\/wp\/v2\/product\/3217","targetHints":{"allow":["GET"]}}],"collection":[{"href":"https:\/\/thegoldenbee.vn\/en\/wp-json\/wp\/v2\/product"}],"about":[{"href":"https:\/\/thegoldenbee.vn\/en\/wp-json\/wp\/v2\/types\/product"}],"replies":[{"embeddable":true,"href":"https:\/\/thegoldenbee.vn\/en\/wp-json\/wp\/v2\/comments?post=3217"}],"wp:featuredmedia":[{"embeddable":true,"href":"https:\/\/thegoldenbee.vn\/en\/wp-json\/wp\/v2\/media\/3218"}],"wp:attachment":[{"href":"https:\/\/thegoldenbee.vn\/en\/wp-json\/wp\/v2\/media?parent=3217"}],"wp:term":[{"taxonomy":"product_cat","embeddable":true,"href":"https:\/\/thegoldenbee.vn\/en\/wp-json\/wp\/v2\/product_cat?post=3217"},{"taxonomy":"product_tag","embeddable":true,"href":"https:\/\/thegoldenbee.vn\/en\/wp-json\/wp\/v2\/product_tag?post=3217"}],"curies":[{"name":"wp","href":"https:\/\/api.w.org\/{rel}","templated":true}]}}