{"id":668,"date":"2025-03-31T08:43:50","date_gmt":"2025-03-31T01:43:50","guid":{"rendered":"https:\/\/thegoldenbee.vn\/?post_type=product&#038;p=668"},"modified":"2025-11-24T15:42:16","modified_gmt":"2025-11-24T08:42:16","slug":"goldenbee-mat-ong-hoa-rung-tay-nguyen-500g","status":"publish","type":"product","link":"https:\/\/thegoldenbee.vn\/en\/product\/goldenbee-mat-ong-hoa-rung-tay-nguyen-500g\/","title":{"rendered":"The Golden Bee Wildflower Honey from Tay Nguyen 500g"},"content":{"rendered":"<p class=\"QN2lPu\">\ud83d\udcdd Chi ti\u1ebft s\u1ea3n ph\u1ea9m:<\/p>\n<p class=\"QN2lPu\">\ud83c\udf6f M\u1eadt Ong Hoa R\u1eebng T\u00e2y Nguy\u00ean &#8211; The Golden Bee \ud83c\udf6f<\/p>\n<p class=\"QN2lPu\">**Tinh t\u00fay thi\u00ean nhi\u00ean t\u1eeb nh\u1eefng c\u00e1nh r\u1eebng h\u00f9ng v\u0129 T\u00e2y Nguy\u00ean!**<\/p>\n<p class=\"QN2lPu\">\u2728 Thu ho\u1ea1ch t\u1eeb r\u1eebng t\u1ef1 nhi\u00ean T\u00e2y Nguy\u00ean \u2013 Ngu\u1ed3n m\u1eadt \u0111\u01b0\u1ee3c khai th\u00e1c t\u1eeb c\u00e1c c\u00e1nh r\u1eebng nguy\u00ean sinh, n\u01a1i kh\u00ed h\u1eadu trong l\u00e0nh v\u00e0 th\u1ea3m th\u1ef1c v\u1eadt phong ph\u00fa t\u1ea1o \u0111i\u1ec1u ki\u1ec7n l\u00fd t\u01b0\u1edfng cho ong l\u00e0m t\u1ed5 v\u00e0 sinh tr\u01b0\u1edfng.<\/p>\n<p class=\"QN2lPu\">\ud83c\udf3f H\u01b0\u01a1ng v\u1ecb th\u01a1m ngon, \u0111\u1eadm \u0111\u00e0 \u0111\u1eb7c tr\u01b0ng \u2013 Nh\u1edd s\u1ef1 \u0111a d\u1ea1ng c\u1ee7a h\u00e0ng tr\u0103m lo\u00e0i hoa r\u1eebng, m\u1eadt ong s\u1edf h\u1eefu v\u1ecb ng\u1ecdt s\u00e2u, h\u01b0\u01a1ng th\u01a1m t\u1ef1 nhi\u00ean v\u00e0 k\u1ebft c\u1ea5u s\u00e1nh m\u1ecbn tuy\u1ec7t v\u1eddi.<\/p>\n<p class=\"QN2lPu\">\ud83d\udc96 Nguy\u00ean ch\u1ea5t t\u1eeb hoa r\u1eebng \u0111a d\u1ea1ng \u2013 Kh\u00f4ng pha tr\u1ed9n, kh\u00f4ng h\u00f3a ch\u1ea5t, gi\u1eef nguy\u00ean d\u01b0\u1ee1ng ch\u1ea5t t\u1ef1 nhi\u00ean cho \u1ea9m th\u1ef1c.<\/p>\n<p class=\"QN2lPu\">\ud83c\udf1f L\u1ee3i \u00edch n\u1ed5i b\u1eadt:<\/p>\n<p class=\"QN2lPu\">* \ud83c\udf6f Cung c\u1ea5p ngu\u1ed3n m\u1eadt ong nguy\u00ean ch\u1ea5t.<\/p>\n<p class=\"QN2lPu\">* \ud83c\udf74 Gia t\u0103ng h\u01b0\u01a1ng v\u1ecb m\u00f3n \u0103n, th\u1ee9c u\u1ed1ng: L\u00e0m \u0111\u1eadm \u0111\u00e0 h\u01a1n cho tr\u00e0, n\u01b0\u1edbc u\u1ed1ng, m\u00f3n n\u01b0\u1edbng, s\u1ed1t ho\u1eb7c b\u00e1nh ng\u1ecdt.<\/p>\n<p class=\"QN2lPu\">* \ud83c\udf33 S\u1ea3n ph\u1ea9m ch\u1ea5t l\u01b0\u1ee3ng t\u1eeb T\u00e2y Nguy\u00ean: Khai th\u00e1c v\u00e0 \u0111\u00f3ng g\u00f3i theo chu\u1ea9n an to\u00e0n ISO 22000:2018.<\/p>\n<p class=\"QN2lPu\">\ud83c\udf3c Th\u00e0nh ph\u1ea7n:<\/p>\n<p class=\"QN2lPu\">*M\u1eacT ONG CH\u00cdN T\u1ed4 V\u00cdT N\u1eaeP,M\u1eacT ONG NGUY\u00caN CH\u1ea4T.<\/p>\n<p class=\"QN2lPu\">\u2013Kh\u00f4ng pha \u0111\u01b0\u1eddng.Kh\u00f4ng ch\u1ea5t b\u1ea3o qu\u1ea3n.<\/p>\n<p class=\"QN2lPu\">-Kh\u00f4ng h\u01b0\u01a1ng li\u1ec7u nh\u00e2n t\u1ea1o.<\/p>\n<p class=\"QN2lPu\">-kh\u00f4ng b\u1ecb thu\u1ed1c b\u1ea3o v\u1ec7 th\u1ef1c v\u1eadt<\/p>\n<p class=\"QN2lPu\">\ud83e\udd44 H\u01b0\u1edbng d\u1eabn s\u1eed d\u1ee5ng:<\/p>\n<p class=\"QN2lPu\">-D\u00f9ng tr\u1ef1c ti\u1ebfp,k\u1ebft h\u1ee3p v\u1edbi cam ,chanh ho\u1eb7c pha v\u1edbi n\u01b0\u1edbc \u1ea5m.<\/p>\n<p class=\"QN2lPu\">&#8211; Ch\u1ebf bi\u1ebfn th\u1ef1c ph\u1ea9m: Pha tr\u00e0 m\u1eadt ong, l\u00e0m b\u00e1nh, n\u1ea5u \u0103n .<\/p>\n<p class=\"QN2lPu\">\ud83d\udee1\ufe0f H\u01b0\u1edbng d\u1eabn b\u1ea3o qu\u1ea3n:<\/p>\n<p class=\"QN2lPu\">* \u0110\u1ec3 n\u01a1i kh\u00f4 r\u00e1o, tho\u00e1ng m\u00e1t, tr\u00e1nh \u00e1nh n\u1eafng tr\u1ef1c ti\u1ebfp.<\/p>\n<p class=\"QN2lPu\">* \u0110\u1eady k\u00edn sau khi d\u00f9ng.<\/p>\n<p class=\"QN2lPu\">* L\u01b0u \u00fd: M\u1eadt ong c\u00f3 th\u1ec3 k\u1ebft tinh t\u1ef1 nhi\u00ean \u1edf nhi\u1ec7t \u0111\u1ed9 l\u1ea1nh, ch\u1ec9 c\u1ea7n ng\u00e2m v\u00e0o n\u01b0\u1edbc \u1ea5m 70\u00b0C \u0111\u1ec3 m\u1eadt ong tan ch\u1ea3y nh\u01b0 ban \u0111\u1ea7u.<\/p>\n<p class=\"QN2lPu\">\u2705 Cam k\u1ebft t\u1eeb The Golden Bee:<\/p>\n<p class=\"QN2lPu\">* \u0110\u1ea1t chu\u1ea9n **ISO 22000-2018**, **Ch\u1ee9ng nh\u1eadn An To\u00e0n V\u1ec7 Sinh Th\u1ef1c ph\u1ea9m (ATVSTP)**.<\/p>\n<p class=\"QN2lPu\">* Kh\u00f4ng pha tr\u1ed9n, kh\u00f4ng ch\u1ea5t b\u1ea3o qu\u1ea3n, kh\u00f4ng h\u01b0\u01a1ng li\u1ec7u nh\u00e2n t\u1ea1o,kh\u00f4ng thu\u1ed1c b\u1ea3o v\u1ec7 th\u1ef1c v\u1eadt.<\/p>\n<p class=\"QN2lPu\">\u2757 S\u1ea3n ph\u1ea9m \u0111\u1ebfn tay qu\u00fd kh\u00e1ch lu\u00f4n \u0111\u01b0\u1ee3c \u0111\u00f3ng g\u00f3i &#8211; ni\u00eam phong c\u1ea9n th\u1eadn, c\u00f3 seal ch\u1ed1ng h\u00e0ng gi\u1ea3 c\u1ee7a th\u01b0\u01a1ng hi\u1ec7u The Golden Bee.<\/p>\n<p class=\"QN2lPu\">#Matonghoarung #MatongTayNguyen #TheGoldenBee #Matongnguyenchat #Matongtunhien #DacSanTayNguyen #Honey #NaturalHoney<\/p>\n<p class=\"QN2lPu\">#Matong #Matongdonkim #Matongkhoai #Matongrunggialai #Matongcafe #Matongrung #Matonghoanhan #Matongrungtram #banhtomatong<\/p>\n<p class=\"QN2lPu\">#Thegoldenbee #Ongvang<\/p>","protected":false},"excerpt":{"rendered":"<p>Thu ho\u1ea1ch t\u1eeb r\u1eebng t\u1ef1 nhi\u00ean T\u00e2y Nguy\u00ean \u2013 Ngu\u1ed3n m\u1eadt \u0111\u01b0\u1ee3c khai th\u00e1c t\u1eeb c\u00e1c c\u00e1nh r\u1eebng nguy\u00ean sinh, n\u01a1i kh\u00ed h\u1eadu trong l\u00e0nh v\u00e0 th\u1ea3m th\u1ef1c v\u1eadt phong ph\u00fa t\u1ea1o \u0111i\u1ec1u ki\u1ec7n l\u00fd t\u01b0\u1edfng cho ong l\u00e0m t\u1ed5 v\u00e0 sinh tr\u01b0\u1edfng.<\/p>","protected":false},"featured_media":1983,"comment_status":"open","ping_status":"closed","template":"","meta":[],"product_cat":[15],"product_tag":[],"class_list":{"0":"post-668","1":"product","2":"type-product","3":"status-publish","4":"has-post-thumbnail","6":"product_cat-mat-ong-nguyen-chat","8":"first","9":"instock","10":"shipping-taxable","11":"purchasable","12":"product-type-simple"},"_links":{"self":[{"href":"https:\/\/thegoldenbee.vn\/en\/wp-json\/wp\/v2\/product\/668","targetHints":{"allow":["GET"]}}],"collection":[{"href":"https:\/\/thegoldenbee.vn\/en\/wp-json\/wp\/v2\/product"}],"about":[{"href":"https:\/\/thegoldenbee.vn\/en\/wp-json\/wp\/v2\/types\/product"}],"replies":[{"embeddable":true,"href":"https:\/\/thegoldenbee.vn\/en\/wp-json\/wp\/v2\/comments?post=668"}],"wp:featuredmedia":[{"embeddable":true,"href":"https:\/\/thegoldenbee.vn\/en\/wp-json\/wp\/v2\/media\/1983"}],"wp:attachment":[{"href":"https:\/\/thegoldenbee.vn\/en\/wp-json\/wp\/v2\/media?parent=668"}],"wp:term":[{"taxonomy":"product_cat","embeddable":true,"href":"https:\/\/thegoldenbee.vn\/en\/wp-json\/wp\/v2\/product_cat?post=668"},{"taxonomy":"product_tag","embeddable":true,"href":"https:\/\/thegoldenbee.vn\/en\/wp-json\/wp\/v2\/product_tag?post=668"}],"curies":[{"name":"wp","href":"https:\/\/api.w.org\/{rel}","templated":true}]}}