{"id":672,"date":"2025-03-30T08:46:47","date_gmt":"2025-03-30T01:46:47","guid":{"rendered":"https:\/\/thegoldenbee.vn\/?post_type=product&#038;p=672"},"modified":"2025-11-25T16:35:29","modified_gmt":"2025-11-25T09:35:29","slug":"vien-tinh-nghe-mat-ong-sua-chua-250g","status":"publish","type":"product","link":"https:\/\/thegoldenbee.vn\/en\/product\/vien-tinh-nghe-mat-ong-sua-chua-250g\/","title":{"rendered":"The Golden Bee Vi\u00ean tinh ngh\u1ec7 m\u1eadt ong s\u1eefa ch\u00faa 250g"},"content":{"rendered":"<p class=\"QN2lPu\">* Vi\u00ean Tinh Ngh\u1ec7 M\u1eadt Ong S\u1eefa Ong Ch\u00faa &#8211; The Golden Bee *<\/p>\n<p class=\"QN2lPu\">**S\u1ef1 k\u1ebft h\u1ee3p tinh t\u00fay t\u1eeb thi\u00ean nhi\u00ean \u2013 D\u1ec5 d\u00e0ng s\u1eed d\u1ee5ng!**<\/p>\n<p class=\"QN2lPu\">-T\u1eeb xa x\u01b0a ta \u0111\u00e3 xem tinh b\u1ed9t ngh\u1ec7 l\u00e0 nguy\u00ean li\u1ec7u h\u1ed7 tr\u1ee3 h\u1ec7 ti\u00eau h\u00f3a th\u00e0nh ph\u1ea7n ch\u00ednh trong tinh b\u1ed9t ngh\u1ec7 l\u00e0 ho\u1ea1t ch\u1ea5t curcumin.<\/p>\n<p class=\"QN2lPu\">-Tuy nhi\u00ean, theo c\u00e1c nghi\u00ean c\u1ee9u g\u1ea7n \u0111\u00e2y, tinh b\u1ed9t ngh\u1ec7 truy\u1ec1n th\u1ed1ng c\u00f3 nh\u01b0\u1ee3c \u0111i\u1ec3m kh\u00f3 h\u1ea5p th\u1ee5 v\u00e0o c\u01a1 th\u1ec3. Nguy\u00ean nh\u00e2n l\u00e0 do:<\/p>\n<p class=\"QN2lPu\">\u2022 Ch\u01b0a lo\u1ea1i b\u1ecf ho\u00e0n to\u00e0n d\u1ea7u ngh\u1ec7 v\u00e0 x\u00e1c ngh\u1ec7.<\/p>\n<p class=\"QN2lPu\">\u2022 H\u00e0m l\u01b0\u1ee3ng Curcumin trong tinh b\u1ed9t ngh\u1ec7 c\u00f2n th\u1ea5p.<\/p>\n<p class=\"QN2lPu\">\u2022 C\u00f3 m\u00f9i h\u0103ng, g\u00e2y kh\u00f3 ch\u1ecbu khi s\u1eed d\u1ee5ng l\u00e2u d\u00e0i.<\/p>\n<p class=\"QN2lPu\">-Do \u0111\u00f3 The Golden Bee \u0111\u00e3 nghi\u00ean c\u1ee9u v\u00e0 cho ra th\u1ecb tr\u01b0\u1eddng s\u1ea3n ph\u1ea9m n\u1ed5i tr\u1ed9i Vi\u00ean Tinh Ngh\u1ec7 M\u1eadt Ong S\u1eefa Ch\u00faa th\u1ebf h\u1ec7 m\u1edbi \u2013\u0110\u1ec3 khi s\u1eed d\u1ee5ng th\u1ea5p thu \u0111\u01b0\u1ee3c t\u1ed1t nh\u1ea5t.<\/p>\n<p class=\"QN2lPu\">&#8211; S\u1ea3n ph\u1ea9m Vi\u00ean tinh ngh\u1ec7 m\u1eadt ong s\u1eefa ong ch\u00faa \u0111\u01b0\u1ee3c s\u1ea3n xu\u1ea5t theo quy tr\u00ecnh kh\u00e9p k\u00edn, c\u00f9ng c\u00f4ng ngh\u1ec7 \u0111\u1ed3ng h\u00f3a gi\u00fap h\u1ed7n h\u1ee3p m\u1eadt ong Curcumin \u0111\u1ea1t \u0111\u1ed9 m\u1ecbn cao v\u00e0 s\u1ef1 k\u1ebft h\u1ee3p v\u1edbi s\u1eefa ong ch\u00faa v\u00e0 m\u1eadt ong nguy\u00ean ch\u1ea5t,gi\u00fap b\u1ea3o to\u00e0n d\u01b0\u1ee1ng ch\u1ea5t, mang \u0111\u1ebfn t\u00ednh th\u1ea9m m\u1ef9 v\u00e0 ph\u00f9 h\u1ee3p v\u1edbi nhu c\u1ea7u c\u1ee7a kh\u00e1ch h\u00e0ng.<\/p>\n<p class=\"QN2lPu\">+ Vi\u00ean tinh ngh\u1ec7 m\u1eadt ong s\u1eefa ong ch\u00faa c\u00f3 v\u1ecb ng\u1ecdt d\u1ecbu , h\u01b0\u01a1ng th\u01a1m d\u1ec5 ch\u1ecbu v\u1ecb \u0111\u1eb7c tr\u01b0ng c\u1ee7a s\u1eefa ong ch\u00faa v\u00e0 m\u1eadt ong nguy\u00ean ch\u1ea5t , ho\u00e0n to\u00e0n d\u1ec5 u\u1ed1ng v\u1edbi b\u1ea5t k\u00ec ai, kh\u00f4ng c\u00f3 m\u00f9i h\u0103ng c\u1ee7a ngh\u1ec7 nh\u01b0 c\u00e1c s\u1ea3n ph\u1ea9m th\u00f4ng th\u01b0\u1eddng.<\/p>\n<p class=\"QN2lPu\">\u2728 S\u1ef1 k\u1ebft h\u1ee3p Tinh ngh\u1ec7 Curcumin + S\u1eefa ong ch\u00faa + M\u1eadt ong nguy\u00ean ch\u1ea5t \u2013 S\u1ef1 ph\u1ed1i h\u1ee3p ho\u00e0n h\u1ea3o gi\u1eefa ba d\u01b0\u1ee1ng ch\u1ea5t qu\u00fd gi\u00e1,<\/p>\n<p class=\"QN2lPu\">\ud83c\udf3f Ti\u1ec7n l\u1ee3i khi s\u1eed d\u1ee5ng \u2013 d\u1ec5 u\u1ed1ng ho\u1eb7c nhai tr\u1ef1c ti\u1ebfp, ph\u00f9 h\u1ee3p v\u1edbi l\u1ed1i s\u1ed1ng b\u1eadn r\u1ed9n hi\u1ec7n \u0111\u1ea1i.<\/p>\n<p class=\"QN2lPu\">\ud83d\udc96 M\u00f9i v\u1ecb th\u01a1m ngon \u2013Kh\u00f4ng b\u1ecb m\u00f9i h\u1eafc,ng\u1ecdt d\u1ecbu t\u1eeb m\u1eadt ong h\u00f2a quy\u1ec7n c\u00f9ng tinh ngh\u1ec7 v\u00e0 s\u1eefa ong ch\u00faa, d\u1ec5 ch\u1ecbu v\u00e0 d\u1ec5 s\u1eed d\u1ee5ng ti\u1ec7n l\u1ee3i.<\/p>\n<p class=\"QN2lPu\">\ud83c\udf3c D\u1ec5 d\u00e0ng s\u1eed d\u1ee5ng h\u00e0ng ng\u00e0y: Vi\u00ean nh\u1ecf g\u1ecdn, thu\u1eadn ti\u1ec7n mang theo.<\/p>\n<p class=\"QN2lPu\">\ud83c\udf3c Th\u00e0nh ph\u1ea7n nguy\u00ean ch\u1ea5t:<\/p>\n<p class=\"QN2lPu\">* 40% Tinh ngh\u1ec7 Curcumin<\/p>\n<p class=\"QN2lPu\">* 50% M\u1eadt ong nguy\u00ean ch\u1ea5t<\/p>\n<p class=\"QN2lPu\">* 10% S\u1eefa ong ch\u00faa<\/p>\n<p class=\"QN2lPu\">\ud83e\udd44 C\u00e1ch d\u00f9ng tham kh\u1ea3o:<\/p>\n<p class=\"QN2lPu\">* U\u1ed1ng ho\u1eb7c nhai tr\u1ef1c ti\u1ebfp: 5-8 vi\u00ean\/l\u1ea7n tr\u01b0\u1edbc khi \u0103n t\u1eeb 30 ph\u00fat &#8211; 1 ti\u1ebfng v\u00e0 tr\u01b0\u1edbc khi di ng\u1ee7, ng\u00e0y 1\u20132 l\u1ea7n t\u00f9y v\u00e0o nhu c\u1ea7u c\u1ee7a m\u1ed7i ng\u01b0\u1eddi.<\/p>\n<p class=\"QN2lPu\">\ud83d\udee1\ufe0f H\u01b0\u1edbng d\u1eabn b\u1ea3o qu\u1ea3n:<\/p>\n<p class=\"QN2lPu\">* B\u1ea3o qu\u1ea3n n\u01a1i s\u1ea1ch s\u1ebd, kh\u00f4 r\u00e1o, tr\u00e1nh \u00e1nh n\u1eafng tr\u1ef1c ti\u1ebfp.<\/p>\n<p class=\"QN2lPu\">* \u0110\u1eady k\u00edn n\u1eafp sau m\u1ed7i l\u1ea7n s\u1eed d\u1ee5ng.<\/p>\n<p class=\"QN2lPu\">\u2705 Cam k\u1ebft t\u1eeb The Golden Bee:<\/p>\n<p class=\"QN2lPu\">* \u0110\u1ea3m b\u1ea3o ti\u00eau chu\u1ea9n an to\u00e0n th\u1ef1c ph\u1ea9m.<\/p>\n<p class=\"QN2lPu\">* Tu\u00e2n th\u1ee7 quy \u0111\u1ecbnh ph\u00e1p lu\u1eadt Vi\u1ec7t Nam v\u1ec1 ch\u1ea5t l\u01b0\u1ee3ng s\u1ea3n ph\u1ea9m.<\/p>\n<p class=\"QN2lPu\">* Kh\u00f4ng ch\u1ea5t b\u1ea3o qu\u1ea3n.<\/p>\n<p class=\"QN2lPu\">*Kh\u00f4ng h\u00f3a ch\u1ea5t \u0111\u1ed9c h\u1ea1i.<\/p>\n<p class=\"QN2lPu\">*Kh\u00f4ng pha t\u1ea1p ch\u1ea5t.<\/p>\n<p class=\"QN2lPu\">L\u01b0u \u00dd : s\u1ea3n ph\u1ea9m kh\u00f4ng ph\u1ea3i l\u00e0 thu\u1ed1c kh\u00f4ng c\u00f3 t\u00e1c d\u1ee5ng thay th\u1ebf thu\u1ed1c ch\u1eefa b\u1ec7nh .<\/p>\n<p class=\"QN2lPu\">#vientinhnghematongsuaongchua #TheGoldenBee, #tinhnghecurcumin, #matong, #suaongchua,<\/p>\n<p class=\"QN2lPu\">#Matonghoarung #MatongTayNguyen #TheGoldenBee #Matongnguyenchat #Matongtunhien #DacSanTayNguyen #Honey #NaturalHoney<\/p>\n<p class=\"QN2lPu\">#Matong #Matongdonkim #Matongkhoai #Matongrunggialai #Matongcafe #Matongrung #Matonghoanhan #Matongrungtram #banhtomatong<\/p>\n<p class=\"QN2lPu\">#Thegoldenbee #Ongvang<\/p>","protected":false},"excerpt":{"rendered":"<p>K\u1ebft h\u1ee3p Tinh ngh\u1ec7 Curcumin, M\u1eadt ong v\u00e0 S\u1eefa ong ch\u00faa \u2013 S\u1ef1 ph\u1ed1i h\u1ee3p ho\u00e0n h\u1ea3o gi\u1eefa ba d\u01b0\u1ee1ng ch\u1ea5t qu\u00fd gi\u00e1 gi\u00fap t\u0103ng gi\u00e1 tr\u1ecb dinh d\u01b0\u1ee1ng, mang \u0111\u1ebfn gi\u1ea3i ph\u00e1p h\u1ed7 tr\u1ee3 s\u1ee9c kh\u1ecfe t\u1ef1 nhi\u00ean, ti\u1ec7n l\u1ee3i m\u1ed7i ng\u00e0y.<\/p>","protected":false},"featured_media":1912,"comment_status":"open","ping_status":"closed","template":"","meta":[],"product_cat":[15],"product_tag":[],"class_list":{"0":"post-672","1":"product","2":"type-product","3":"status-publish","4":"has-post-thumbnail","6":"product_cat-mat-ong-nguyen-chat","8":"first","9":"instock","10":"shipping-taxable","11":"purchasable","12":"product-type-simple"},"_links":{"self":[{"href":"https:\/\/thegoldenbee.vn\/en\/wp-json\/wp\/v2\/product\/672","targetHints":{"allow":["GET"]}}],"collection":[{"href":"https:\/\/thegoldenbee.vn\/en\/wp-json\/wp\/v2\/product"}],"about":[{"href":"https:\/\/thegoldenbee.vn\/en\/wp-json\/wp\/v2\/types\/product"}],"replies":[{"embeddable":true,"href":"https:\/\/thegoldenbee.vn\/en\/wp-json\/wp\/v2\/comments?post=672"}],"wp:featuredmedia":[{"embeddable":true,"href":"https:\/\/thegoldenbee.vn\/en\/wp-json\/wp\/v2\/media\/1912"}],"wp:attachment":[{"href":"https:\/\/thegoldenbee.vn\/en\/wp-json\/wp\/v2\/media?parent=672"}],"wp:term":[{"taxonomy":"product_cat","embeddable":true,"href":"https:\/\/thegoldenbee.vn\/en\/wp-json\/wp\/v2\/product_cat?post=672"},{"taxonomy":"product_tag","embeddable":true,"href":"https:\/\/thegoldenbee.vn\/en\/wp-json\/wp\/v2\/product_tag?post=672"}],"curies":[{"name":"wp","href":"https:\/\/api.w.org\/{rel}","templated":true}]}}